{"id":2,"date":"2018-03-10T22:01:07","date_gmt":"2018-03-10T22:01:07","guid":{"rendered":"http:\/\/khao-sun.bot.hr\/?page_id=2"},"modified":"2023-10-23T15:49:09","modified_gmt":"2023-10-23T14:49:09","slug":"povijest-tajlandske-masaze","status":"publish","type":"page","link":"https:\/\/khao-sun.hr\/hr\/povijest-tajlandske-masaze\/","title":{"rendered":"Povijest tajlandske masa\u017ee"},"content":{"rendered":"<div id=\"cmsmasters_row_xn94j4vbb\" class=\"cmsmasters_row cmsmasters_color_scheme_default cmsmasters_row_top_default cmsmasters_row_bot_default cmsmasters_row_boxed\">\n<div class=\"cmsmasters_row_outer_parent\">\n<div class=\"cmsmasters_row_outer\">\n<div class=\"cmsmasters_row_inner\">\n<div class=\"cmsmasters_row_margin\">\n<div id=\"cmsmasters_column_n14bj4c2ng\" class=\"cmsmasters_column one_first\">\n<div class=\"cmsmasters_column_inner\"><div id=\"cmsmasters_heading_7c4497qei5\" class=\"cmsmasters_heading_wrap cmsmasters_heading_align_center\">\n\t<h2 class=\"cmsmasters_heading\">Povijest tajlandske masa\u017ee<\/h2>\n<\/div>\n<\/div><\/div>\n<\/div>\n<\/div>\n<\/div>\n<\/div>\n<\/div>\n<div id=\"cmsmasters_row_onfvgbjd1e\" class=\"cmsmasters_row cmsmasters_color_scheme_default cmsmasters_row_top_default cmsmasters_row_bot_default cmsmasters_row_boxed\">\n<div class=\"cmsmasters_row_outer_parent\">\n<div class=\"cmsmasters_row_outer\">\n<div class=\"cmsmasters_row_inner\">\n<div class=\"cmsmasters_row_margin\">\n<div id=\"cmsmasters_column_3yjucwfpgc\" class=\"cmsmasters_column one_first\">\n<div class=\"cmsmasters_column_inner\">\n<div id=\"cmsmasters_divider_z1wot5xwgh\" class=\"cl\"><\/div>\n<div class=\"cmsmasters_text\">\n<p style=\"text-align: justify;\">Tehnika tradicionalne tajlandske masa\u017ee je razvijena prije 2500 godina u sjevernoj Indiji od istaknutog lije\u010dnika Jivaka Kumarbhaccha, pratitelja i prijatelja Buddhe. Stolje\u0107ima se primjenjivala u narodnoj medicini u prostorima budisti\u010dkih hramova, a znanje se prenosilo usmenom predajom.<br \/>\nPrvi zapisi o tehnikama masa\u017ee potje\u010du od 1277. godine, a 1832. je osnovano prvo sveu\u010dili\u0161te, u hramu Wat Pho, nakon \u0161to je obnovljen i posebno ure\u0111en za ljude koji su \u017eeljeli nau\u010diti ovu drevnu tehniku iscjeljivanja duha i tijela.<br \/>\nTajlandska masa\u017ea je bazirana na temelju 10 najva\u017enijih energetskih kanala Sen Sib, kojima te\u010de \u017eivotna energija ili Lom pran. Smatra se da se ti kanali nalaze dva prsta ispod povr\u0161ine ko\u017ee, a prote\u017eu se kroz cijelo tijelo. Od iznimne je va\u017enosti za na\u0161e zdravlje da su kanali prohodni i da ne dolazi do zastoja energije, a tehnika tradicionalne tajlandske masa\u017ee razvijena je s tim ciljem da otkloni sve energetske blokade.<br \/>\nFiziolo\u0161ki u\u010dinci tradicionalne tajlandske masa\u017ee na krvo\u017eilni sustav su bolja cirkulacija limfe i krvi i smanjenje broja otkucaja srca. Smanjuju se edemi uzrokovani sporim tokom limfe i ubrzava se otklon toksina iz organizma.\u00a0Tako\u0111er se opu\u0161taju tetive i mi\u0161i\u0107i, a razgibavaju se zglobovi, \u0161to ima utjecaja na ve\u0107u fleksibilnost tijela. Stimulira se kvalitetnija aktivnost \u017eiv\u010danog i probavnog sustava.<br \/>\nKroz dugi razvoj i primjenu ove tehnike kombinirano je znanje Ayurvede, indijske joge, kineske akupresure, kiropraktike i japanske shiatshu masa\u017ee.<br \/>\nPozitivni u\u010dinci masa\u017ee dodatno su upotpunjeni odabranim eteri\u010dnim uljima i ekstraktima iz tajlandskih trava, vo\u0107a i cvije\u0107a.<\/p>\n<\/div>\n\n<div id=\"cmsmasters_divider_t5a3bwyffr\" class=\"cl\"><\/div>\n<div id=\"cmsmasters_gallery_bzplb4pyt\" class=\"cmsmasters_gallery_wrap\" data-type=\"grid\" data-count=\"0\"><ul class=\"cmsmasters_gallery cmsmasters_4 cmsmasters_more_items_loader\"><li class=\"cmsmasters_gallery_item\"><figure><a href=\"https:\/\/khao-sun.hr\/wp-content\/uploads\/2018\/03\/Povijest-5.jpeg\" rel=\"ilightbox[bzplb4pyt]\"><img loading=\"lazy\" decoding=\"async\" width=\"300\" height=\"200\" src=\"https:\/\/khao-sun.hr\/wp-content\/uploads\/2018\/03\/Povijest-5-300x200.jpeg\" class=\"attachment-medium size-medium\" alt=\"\" srcset=\"https:\/\/khao-sun.hr\/wp-content\/uploads\/2018\/03\/Povijest-5-300x200.jpeg 300w, https:\/\/khao-sun.hr\/wp-content\/uploads\/2018\/03\/Povijest-5-768x511.jpeg 768w, https:\/\/khao-sun.hr\/wp-content\/uploads\/2018\/03\/Povijest-5-1024x681.jpeg 1024w, https:\/\/khao-sun.hr\/wp-content\/uploads\/2018\/03\/Povijest-5-600x399.jpeg 600w, https:\/\/khao-sun.hr\/wp-content\/uploads\/2018\/03\/Povijest-5-580x386.jpeg 580w, https:\/\/khao-sun.hr\/wp-content\/uploads\/2018\/03\/Povijest-5-860x572.jpeg 860w, https:\/\/khao-sun.hr\/wp-content\/uploads\/2018\/03\/Povijest-5-1160x771.jpeg 1160w, https:\/\/khao-sun.hr\/wp-content\/uploads\/2018\/03\/Povijest-5.jpeg 1200w\" sizes=\"auto, (max-width: 300px) 100vw, 300px\" \/><\/a><\/figure><\/li><li class=\"cmsmasters_gallery_item\"><figure><a href=\"https:\/\/khao-sun.hr\/wp-content\/uploads\/2018\/03\/Povijest-3.jpg\" rel=\"ilightbox[bzplb4pyt]\"><img loading=\"lazy\" decoding=\"async\" width=\"300\" height=\"200\" src=\"https:\/\/khao-sun.hr\/wp-content\/uploads\/2018\/03\/Povijest-3-300x200.jpg\" class=\"attachment-medium size-medium\" alt=\"\" srcset=\"https:\/\/khao-sun.hr\/wp-content\/uploads\/2018\/03\/Povijest-3-300x200.jpg 300w, https:\/\/khao-sun.hr\/wp-content\/uploads\/2018\/03\/Povijest-3-768x512.jpg 768w, https:\/\/khao-sun.hr\/wp-content\/uploads\/2018\/03\/Povijest-3-1024x683.jpg 1024w, https:\/\/khao-sun.hr\/wp-content\/uploads\/2018\/03\/Povijest-3-600x400.jpg 600w, https:\/\/khao-sun.hr\/wp-content\/uploads\/2018\/03\/Povijest-3-580x386.jpg 580w, https:\/\/khao-sun.hr\/wp-content\/uploads\/2018\/03\/Povijest-3-860x573.jpg 860w, https:\/\/khao-sun.hr\/wp-content\/uploads\/2018\/03\/Povijest-3-1160x773.jpg 1160w, https:\/\/khao-sun.hr\/wp-content\/uploads\/2018\/03\/Povijest-3.jpg 1200w\" sizes=\"auto, (max-width: 300px) 100vw, 300px\" \/><\/a><\/figure><\/li><li class=\"cmsmasters_gallery_item\"><figure><a href=\"https:\/\/khao-sun.hr\/wp-content\/uploads\/2018\/03\/hot-stone-masa\u017ea-2.jpg\" rel=\"ilightbox[bzplb4pyt]\"><img loading=\"lazy\" decoding=\"async\" width=\"300\" height=\"200\" src=\"https:\/\/khao-sun.hr\/wp-content\/uploads\/2018\/03\/hot-stone-masa\u017ea-2-300x200.jpg\" class=\"attachment-medium size-medium\" alt=\"\" srcset=\"https:\/\/khao-sun.hr\/wp-content\/uploads\/2018\/03\/hot-stone-masa\u017ea-2-300x200.jpg 300w, https:\/\/khao-sun.hr\/wp-content\/uploads\/2018\/03\/hot-stone-masa\u017ea-2-768x512.jpg 768w, https:\/\/khao-sun.hr\/wp-content\/uploads\/2018\/03\/hot-stone-masa\u017ea-2.jpg 1024w, https:\/\/khao-sun.hr\/wp-content\/uploads\/2018\/03\/hot-stone-masa\u017ea-2-600x400.jpg 600w, https:\/\/khao-sun.hr\/wp-content\/uploads\/2018\/03\/hot-stone-masa\u017ea-2-580x386.jpg 580w, https:\/\/khao-sun.hr\/wp-content\/uploads\/2018\/03\/hot-stone-masa\u017ea-2-860x574.jpg 860w\" sizes=\"auto, (max-width: 300px) 100vw, 300px\" \/><\/a><\/figure><\/li><li class=\"cmsmasters_gallery_item\"><figure><a href=\"https:\/\/khao-sun.hr\/wp-content\/uploads\/2018\/03\/09-resized.jpg\" rel=\"ilightbox[bzplb4pyt]\"><img loading=\"lazy\" decoding=\"async\" width=\"300\" height=\"196\" src=\"https:\/\/khao-sun.hr\/wp-content\/uploads\/2018\/03\/09-resized-300x196.jpg\" class=\"attachment-medium size-medium\" alt=\"\" srcset=\"https:\/\/khao-sun.hr\/wp-content\/uploads\/2018\/03\/09-resized-300x196.jpg 300w, https:\/\/khao-sun.hr\/wp-content\/uploads\/2018\/03\/09-resized-768x501.jpg 768w, https:\/\/khao-sun.hr\/wp-content\/uploads\/2018\/03\/09-resized-600x391.jpg 600w, https:\/\/khao-sun.hr\/wp-content\/uploads\/2018\/03\/09-resized.jpg 828w\" sizes=\"auto, (max-width: 300px) 100vw, 300px\" \/><\/a><\/figure><\/li><\/ul><\/div>\n<\/div><\/div>\n<\/div>\n<\/div>\n<\/div>\n<\/div>\n<\/div>\n\n","protected":false},"excerpt":{"rendered":"","protected":false},"author":1,"featured_media":0,"parent":0,"menu_order":0,"comment_status":"closed","ping_status":"open","template":"","meta":{"footnotes":""},"class_list":["post-2","page","type-page","status-publish","hentry"],"yoast_head":"<!-- This site is optimized with the Yoast SEO plugin v27.4 - https:\/\/yoast.com\/product\/yoast-seo-wordpress\/ -->\n<title>Povijest tajlandske masa\u017ee - Khao Sun<\/title>\n<meta name=\"robots\" content=\"index, follow, max-snippet:-1, max-image-preview:large, max-video-preview:-1\" \/>\n<link rel=\"canonical\" href=\"https:\/\/khao-sun.hr\/hr\/povijest-tajlandske-masaze\/\" \/>\n<meta property=\"og:locale\" content=\"hr_HR\" \/>\n<meta property=\"og:type\" content=\"article\" \/>\n<meta property=\"og:title\" content=\"Povijest tajlandske masa\u017ee - Khao Sun\" \/>\n<meta property=\"og:url\" content=\"https:\/\/khao-sun.hr\/hr\/povijest-tajlandske-masaze\/\" \/>\n<meta property=\"og:site_name\" content=\"Khao Sun\" \/>\n<meta property=\"article:modified_time\" content=\"2023-10-23T14:49:09+00:00\" \/>\n<meta name=\"twitter:card\" content=\"summary_large_image\" \/>\n<meta name=\"twitter:label1\" content=\"Est. reading time\" \/>\n\t<meta name=\"twitter:data1\" content=\"3 minutes\" \/>\n<script type=\"application\/ld+json\" class=\"yoast-schema-graph\">{\"@context\":\"https:\\\/\\\/schema.org\",\"@graph\":[{\"@type\":\"WebPage\",\"@id\":\"https:\\\/\\\/khao-sun.hr\\\/hr\\\/povijest-tajlandske-masaze\\\/\",\"url\":\"https:\\\/\\\/khao-sun.hr\\\/hr\\\/povijest-tajlandske-masaze\\\/\",\"name\":\"Povijest tajlandske masa\u017ee - Khao Sun\",\"isPartOf\":{\"@id\":\"https:\\\/\\\/khao-sun.hr\\\/hr\\\/#website\"},\"datePublished\":\"2018-03-10T22:01:07+00:00\",\"dateModified\":\"2023-10-23T14:49:09+00:00\",\"breadcrumb\":{\"@id\":\"https:\\\/\\\/khao-sun.hr\\\/hr\\\/povijest-tajlandske-masaze\\\/#breadcrumb\"},\"inLanguage\":\"hr-HR\",\"potentialAction\":[{\"@type\":\"ReadAction\",\"target\":[\"https:\\\/\\\/khao-sun.hr\\\/hr\\\/povijest-tajlandske-masaze\\\/\"]}]},{\"@type\":\"BreadcrumbList\",\"@id\":\"https:\\\/\\\/khao-sun.hr\\\/hr\\\/povijest-tajlandske-masaze\\\/#breadcrumb\",\"itemListElement\":[{\"@type\":\"ListItem\",\"position\":1,\"name\":\"Home\",\"item\":\"https:\\\/\\\/khao-sun.hr\\\/hr\\\/\"},{\"@type\":\"ListItem\",\"position\":2,\"name\":\"Povijest tajlandske masa\u017ee\"}]},{\"@type\":\"WebSite\",\"@id\":\"https:\\\/\\\/khao-sun.hr\\\/hr\\\/#website\",\"url\":\"https:\\\/\\\/khao-sun.hr\\\/hr\\\/\",\"name\":\"Khao Sun\",\"description\":\"Va\u0161 komadi\u0107 Tajlanda u centru Rijeke\",\"potentialAction\":[{\"@type\":\"SearchAction\",\"target\":{\"@type\":\"EntryPoint\",\"urlTemplate\":\"https:\\\/\\\/khao-sun.hr\\\/hr\\\/?s={search_term_string}\"},\"query-input\":{\"@type\":\"PropertyValueSpecification\",\"valueRequired\":true,\"valueName\":\"search_term_string\"}}],\"inLanguage\":\"hr-HR\"}]}<\/script>\n<!-- \/ Yoast SEO plugin. -->","yoast_head_json":{"title":"Povijest tajlandske masa\u017ee - Khao Sun","robots":{"index":"index","follow":"follow","max-snippet":"max-snippet:-1","max-image-preview":"max-image-preview:large","max-video-preview":"max-video-preview:-1"},"canonical":"https:\/\/khao-sun.hr\/hr\/povijest-tajlandske-masaze\/","og_locale":"hr_HR","og_type":"article","og_title":"Povijest tajlandske masa\u017ee - Khao Sun","og_url":"https:\/\/khao-sun.hr\/hr\/povijest-tajlandske-masaze\/","og_site_name":"Khao Sun","article_modified_time":"2023-10-23T14:49:09+00:00","twitter_card":"summary_large_image","twitter_misc":{"Est. reading time":"3 minutes"},"schema":{"@context":"https:\/\/schema.org","@graph":[{"@type":"WebPage","@id":"https:\/\/khao-sun.hr\/hr\/povijest-tajlandske-masaze\/","url":"https:\/\/khao-sun.hr\/hr\/povijest-tajlandske-masaze\/","name":"Povijest tajlandske masa\u017ee - Khao Sun","isPartOf":{"@id":"https:\/\/khao-sun.hr\/hr\/#website"},"datePublished":"2018-03-10T22:01:07+00:00","dateModified":"2023-10-23T14:49:09+00:00","breadcrumb":{"@id":"https:\/\/khao-sun.hr\/hr\/povijest-tajlandske-masaze\/#breadcrumb"},"inLanguage":"hr-HR","potentialAction":[{"@type":"ReadAction","target":["https:\/\/khao-sun.hr\/hr\/povijest-tajlandske-masaze\/"]}]},{"@type":"BreadcrumbList","@id":"https:\/\/khao-sun.hr\/hr\/povijest-tajlandske-masaze\/#breadcrumb","itemListElement":[{"@type":"ListItem","position":1,"name":"Home","item":"https:\/\/khao-sun.hr\/hr\/"},{"@type":"ListItem","position":2,"name":"Povijest tajlandske masa\u017ee"}]},{"@type":"WebSite","@id":"https:\/\/khao-sun.hr\/hr\/#website","url":"https:\/\/khao-sun.hr\/hr\/","name":"Khao Sun","description":"Va\u0161 komadi\u0107 Tajlanda u centru Rijeke","potentialAction":[{"@type":"SearchAction","target":{"@type":"EntryPoint","urlTemplate":"https:\/\/khao-sun.hr\/hr\/?s={search_term_string}"},"query-input":{"@type":"PropertyValueSpecification","valueRequired":true,"valueName":"search_term_string"}}],"inLanguage":"hr-HR"}]}},"_links":{"self":[{"href":"https:\/\/khao-sun.hr\/hr\/wp-json\/wp\/v2\/pages\/2","targetHints":{"allow":["GET"]}}],"collection":[{"href":"https:\/\/khao-sun.hr\/hr\/wp-json\/wp\/v2\/pages"}],"about":[{"href":"https:\/\/khao-sun.hr\/hr\/wp-json\/wp\/v2\/types\/page"}],"author":[{"embeddable":true,"href":"https:\/\/khao-sun.hr\/hr\/wp-json\/wp\/v2\/users\/1"}],"replies":[{"embeddable":true,"href":"https:\/\/khao-sun.hr\/hr\/wp-json\/wp\/v2\/comments?post=2"}],"version-history":[{"count":19,"href":"https:\/\/khao-sun.hr\/hr\/wp-json\/wp\/v2\/pages\/2\/revisions"}],"predecessor-version":[{"id":15447,"href":"https:\/\/khao-sun.hr\/hr\/wp-json\/wp\/v2\/pages\/2\/revisions\/15447"}],"wp:attachment":[{"href":"https:\/\/khao-sun.hr\/hr\/wp-json\/wp\/v2\/media?parent=2"}],"curies":[{"name":"wp","href":"https:\/\/api.w.org\/{rel}","templated":true}]}}