{"id":16839,"date":"2025-12-12T16:55:34","date_gmt":"2025-12-12T15:55:34","guid":{"rendered":"https:\/\/khao-sun.hr\/?page_id=16839"},"modified":"2026-02-02T11:26:13","modified_gmt":"2026-02-02T10:26:13","slug":"pravila-privatnosti","status":"publish","type":"page","link":"https:\/\/khao-sun.hr\/hr\/pravila-privatnosti\/","title":{"rendered":"Pravila privatnosti"},"content":{"rendered":"<div id=\"cmsmasters_row_ozx6vvs0is\" class=\"cmsmasters_row cmsmasters_color_scheme_default cmsmasters_row_top_default cmsmasters_row_bot_default cmsmasters_row_boxed\">\n<div class=\"cmsmasters_row_outer_parent\">\n<div class=\"cmsmasters_row_outer\">\n<div class=\"cmsmasters_row_inner\">\n<div class=\"cmsmasters_row_margin\">\n<div id=\"cmsmasters_column_8gtirwc0yq\" class=\"cmsmasters_column one_first\">\n<div class=\"cmsmasters_column_inner\"><div class=\"cmsmasters_text\">\n<h3>OSNOVNI PODACI O PRODAVATELJU<\/h3>\n<p><strong>Naziv<\/strong>: Khao Sun USLU\u017dNI OBRT ZA LJEPOTU I NJEGU TIJELA, vl. Davor Kopilovi\u0107<\/p>\n<p><strong>Sjedi\u0161te<\/strong>: Slavi\u0161e Vajnera \u010ci\u010de 11, 51 000 Rijeka<\/p>\n<p><strong>Adresa salona<\/strong>: Slavi\u0161e Vajnera \u010ci\u010de 11, 51 000 Rijeka<\/p>\n<p><strong>MBS<\/strong>: 92165320<\/p>\n<p><strong>Poslovna banka i broj \u017eiro-ra\u010duna IBAN<\/strong>: RAIFFEISENBANK AUSTRIA d.d., \u0110ure \u0160porera 2, Rijeka, HR6624840081102750645<\/p>\n<p><strong>OIB<\/strong>: 55106236777<\/p>\n<p><strong>Vlasnik<\/strong>: Davor Kopilovi\u0107<\/p>\n<p><strong>Broj telefona<\/strong>: <a href=\"tel:+38551211103\">+385 51 211 103<\/a><\/p>\n<p><strong>Adresa elektroni\u010dke po\u0161te<\/strong>: <a href=\"mailto:zagreb@khao-sun.hr\">rijeka@khao-sun.hr<\/a><\/p>\n<p>&nbsp;<\/p>\n<h3>POLITIKA PRIVATNOSTI<\/h3>\n<p>Svrha ove Politike privatnosti je pru\u017eiti sve relevantne informacije o tome koje osobne podatke i na koji na\u010din prikupljamo, na koji na\u010din ih koristimo i \u010duvamo te s kime ih smijemo dijeliti, vezano za kori\u0161tenje mre\u017ene stranice www.khao-sun.hr<\/p>\n<p>Kori\u0161tenjem mre\u017ene stranice www.khao-sun.hr (dalje: mre\u017ena stranica) smatra se da su korisnici u svakom trenutku upoznati s ovom politikom privatnosti te da je u potpunosti razumiju i prihva\u0107aju.<\/p>\n<p>Pristupanjem i kori\u0161tenjem mre\u017ene stranice potvr\u0111ujete da ste pro\u010ditali, razumjeli i da prihva\u0107ate odredbe ove Politike privatnosti te slobodno i izri\u010dito dajete privolu za obradu osobnih podataka u svrhe koje su u njoj odre\u0111ene.<\/p>\n<p>&nbsp;<\/p>\n<h3>PODACI O VODITELJU OBRADE<\/h3>\n<p>Naziv: Khao Sun USLU\u017dNI OBRT ZA LJEPOTU I NJEGU TIJELA, vl. Davor Kopilovi\u0107<br \/>\nSjedi\u0161te: Slavi\u0161e Vajnera \u010ci\u010de, 51 000 Rijeka<br \/>\nAdresa ureda: Slavi\u0161e Vajnera \u010ci\u010de, 51 000 Rijeka<br \/>\nUpisano u sudski registar Trgova\u010dkog suda u Rijeci, MBS: 92165320<\/p>\n<p>&nbsp;<\/p>\n<h3>PODACI O SLU\u017dBENIKU ZA ZA\u0160TITU OSOBNIH PODATAKA<\/h3>\n<p>Davor Kopilovi\u0107, tel:<a href=\"tel:+38551211103\">+385 51 211 103<\/a>, e-mail: rijeka@khao-sun.hr<\/p>\n<p>&nbsp;<\/p>\n<h3>KOJE OSOBNE PODATKE PRIKUPLJAMO I KAKO<\/h3>\n<p>Khao Sun u obavljanju djelatnosti radi koje je osnovan prikuplja, obra\u0111uje i koristi osobne podatke o korisnicima mre\u017ene stranice dobivene tijekom njezinog kori\u0161tenja.<\/p>\n<p>Prikupljamo i obra\u0111ujemo osobne podatke koje nam po\u0161aljete na na\u0161u e-mail adresu rijeka@khao-sun.hr. Svi podaci koje nam po\u0161aljete putem e-maila bit \u0107e obra\u0111eni i pohranjeni kako bismo Vas mogli kontaktirati i odgovoriti na Va\u0161 upit. Kontaktiraju\u0107i nas izravno putem e-mail po\u0161te jam\u010dite da su informacije koje ste prilo\u017eili to\u010dne te da ste u cijelosti suglasni s odredbama Politike privatnosti i u njima navedenim uvjetima.<\/p>\n<p>Prikupljamo i obra\u0111ujemo osobne podatke osoba koje su pristupile mre\u017enoj stranici. Za prikupljanje podataka putem mre\u017ene stranice koristimo forme dostupne pod kontaktom i narud\u017ebenicom. U trenutku dostavljanja Va\u0161ih osobnih podataka, Vi pristajete na kontakt s nama te nam time dajete za pravo uklju\u010diti Vas u na\u0161u bazu podataka kako bi ostvarili tra\u017eeni kontakt. To smatramo Va\u0161im izri\u010ditim pristankom i privolom na kontakt.<\/p>\n<p>&nbsp;<\/p>\n<h3>PRAVNI TEMELJ I SVRHA PRIKUPLJANJA OSOBNIH PODATAKA<\/h3>\n<p>Osobne podatke obra\u0111ujemo na temelju Va\u0161e privole u svrhu ispunjavanja narud\u017ebenice radi naru\u010divanja usluge ili roba putem forme dostupne na mre\u017enoj stranici, kao i svrhu odgovora na upite poslane putem forme za kontakt, te isti ne\u0107e biti prikupljani u opsegu ve\u0107em od potrebe postizanja navedene svrhe.<\/p>\n<p>Osobne podatke koje nam po\u0161aljete izravno putem e-maila prikupljamo i obra\u0111ujemo u svrhu odgovaranja na Va\u0161 upit u izvr\u0161avanju.<\/p>\n<p>Khao Sun ne\u0107e nijedan dobiveni podatak upotrijebiti u druge svrhe, osim za onu za koju je bio prikupljen i koji je naveden u ovoj Politici privatnosti ili drugim dokumentima koje budete dobili i prihvatili.<\/p>\n<p>&nbsp;<\/p>\n<h3>TKO IMA PRISTUP VA\u0160IM PODACIMA<\/h3>\n<p>Pristup Va\u0161im podacima mogu imati ovla\u0161teni djelatnici Khao Sun,\u00a0 ako je to nu\u017eno radi ispunjenja svrhe u koju su podaci prikupljeni.<\/p>\n<p>Khao Sun USLU\u017dNI OBRT ZA LJEPOTU I NJEGU TIJELA ne\u0107e prenositi prikupljene podatke tre\u0107oj strani bez pristanka korisnika, osim u slu\u010daju kada je takva obaveza regulirana zakonom ili po zahtjevu dr\u017eavnog tijela utemeljenog na zakonu.<\/p>\n<p>Osobne podatke mo\u017eemo podijeliti s ovla\u0161tenim tre\u0107im pru\u017eateljem usluga koji provode neke aktivnosti u na\u0161e ime, kao \u0161to su osiguravanje rezultata pretrage i veze, upravljanje mre\u017enom stranicom, rje\u0161avanje problema i pru\u017eanje korisni\u010dkih usluga.<\/p>\n<p>&nbsp;<\/p>\n<h3>VREMENSKO RAZDOBLJE \u010cUVANJA OSOBNIH PODATAKA<\/h3>\n<p>Va\u0161e osobne podatke obra\u0111ujemo dok se ne ispuni svrha obrade osobnih podataka. Nakon prestanka svrhe u koju su prikupljeni, Va\u0161e osobne podatke vi\u0161e ne koristimo, te isti ostaju u na\u0161em sustavu pohrane i \u010duvamo ih koliko nas obvezuju zakonski propisi o \u010duvanju arhivskog gradiva.<\/p>\n<p>&nbsp;<\/p>\n<h3>SIGURNOST OSOBNIH PODATAKA<\/h3>\n<p>Podaci pohranjeni na na\u0161im serverima i u na\u0161im bazama podataka za\u0161ti\u0107eni su te im mogu pristupiti samo ovla\u0161tene osobe. Implementirali smo tehni\u010dke i organizacijske mjere kako bismo sprije\u010dili gubitak va\u0161ih podataka, neovla\u0161tenu izmjenu, kra\u0111u ili pristup neovla\u0161tene tre\u0107e strane. Podaci koji se prikupljaju na na\u0161oj mre\u017enoj stranici spremaju se u bazu podataka kojoj imaju pristup zaposlenici sa dodijeljenim korisni\u010dkim ra\u010dunom, te podr\u0161ka u svrhu odr\u017eavanja i unaprje\u0111ivanja usluge.<\/p>\n<p>&nbsp;<\/p>\n<h3>KORI\u0160TENJE KOLA\u010cI\u0106A (COOKIES)<\/h3>\n<p>Na mre\u017enoj stranici koriste se tzv. kola\u010di\u0107i (cookies) \u2013 tekstualne datoteke koje na ra\u010dunalo korisnika smje\u0161ta internetski poslu\u017eitelj (server) radi funkcionalnosti mre\u017ene stranice.<\/p>\n<p>Kola\u010di\u0107i nastaju kada preglednik na ure\u0111aju korisnika u\u010dita posje\u0107eno mre\u017eno odredi\u0161te, koje potom \u0161alje podatke pregledniku te izra\u0111uje tekstualnu datoteku (kola\u010di\u0107). Preglednik u\u010ditava kola\u010di\u0107e s lokalnog diska ra\u010dunala prilikom povratka korisnika na njega. Ovo omogu\u0107ava stranici da prilagodi iskustvo pregleda stranice Va\u0161im zadnjim postavkama (kao npr. pam\u0107enje sesije tako da se nije potrebno ponovno prijavljivati u duljem vremenskom periodu).<\/p>\n<p>Na na\u0161oj mre\u017enoj stranici koriste se tehni\u010dki kola\u010di\u0107i (obavezni kola\u010di\u0107i, ne mogu se isklju\u010diti) koji su nu\u017eni za funkcioniranje mre\u017ene stranice. Kola\u010di\u0107i koji se trenutno koriste su:<br \/>\nKola\u010di\u0107 za pristanak kori\u0161tenja kola\u010di\u0107a (cprz_cookie_consent)<br \/>\nKola\u010di\u0107 za pam\u0107enje sesije (cprz_session)<br \/>\nSigurnosni kola\u010di\u0107 za spremanje tokena (XSRF-TOKEN).<\/p>\n<p>&nbsp;<\/p>\n<h3>VA\u0160A PRAVA U VEZI OBRADE OSOBNIH PODATAKA<\/h3>\n<p>Vezano uz obradu Va\u0161ih osobnih podataka imate pravo na informacije o obradi Va\u0161ih osobnih podataka (pravo na pristup), pravo na povla\u010denje svoje privole u bilo koje vrijeme, pravo na ispravak ili dopunu Va\u0161ih osobnih podataka kako bi uvijek bili to\u010dni, pravo na brisanje Va\u0161ih osobnih podataka kada vi\u0161e nisu potrebni za gore navedene svrhe, pravo na ograni\u010davanje obrade osobnih podataka, pravo na prijenos Va\u0161ih osobnih podataka u strukturiranom obliku te pravo na podno\u0161enje prigovora vezano uz obradu Va\u0161ih osobnih podataka<br \/>\nnadle\u017enom nadzornom tijelu: Agencija za za\u0161titu osobnih podataka, tel. 01\/4609-000, e-mail: azop@azop.hr.<\/p>\n<p>Na pisani zahtjev, u zakonskom roku od 30 dana od podno\u0161enja zahtjeva obavijestit \u0107emo Vas jesmo li i koje smo Va\u0161e osobne podatke prikupili tijekom Va\u0161ih posjeta na\u0161oj internetskoj stranici. Molimo Vas da zahtjev uputite na adresu Khao Sun USLU\u017dNI OBRT ZA LJEPOTU I NJEGU TIJELA, vl. Davor Kopilovi\u0107, Slavi\u0161e Vajnera \u010ci\u010de, 51 000 Rijeka. Pristanak na kori\u0161tenje Va\u0161ih osobnih podataka, u cijelosti ili dijelu, mo\u017eete ukloniti u bilo kojem trenutku. Po primitku zahtjeva za uklanjanje pristanka, va\u0161i podaci \u0107e biti izbrisani.<\/p>\n<p>&nbsp;<\/p>\n<h3>PROMJENA I DOPUNA POLITIKE PRIVATNOSTI<\/h3>\n<p>Khao Sun USLU\u017dNI OBRT ZA LJEPOTU I NJEGU TIJELA je ovla\u0161ten mijenjati tekst ove izjave u bilo koje vrijeme objavljivanjem izmijenjenog i\/ili dopunjenog teksta izjave o povjerljivosti podataka na mre\u017enoj stranici.<\/p>\n<\/div>\n<\/div><\/div>\n<\/div>\n<\/div>\n<\/div>\n<\/div>\n<\/div>\n<div id=\"cmsmasters_row_3iazv4xneb\" class=\"cmsmasters_row cmsmasters_color_scheme_default cmsmasters_row_top_default cmsmasters_row_bot_default cmsmasters_row_fullwidth\">\n<div class=\"cmsmasters_row_outer_parent\">\n<div class=\"cmsmasters_row_outer\">\n<div class=\"cmsmasters_row_inner cmsmasters_row_fullwidth\">\n<div class=\"cmsmasters_row_margin\">\n<div id=\"cmsmasters_column_cjduy84udn\" class=\"cmsmasters_column one_fourth\">\n<div class=\"cmsmasters_column_inner\"><\/div><\/div>\n<div id=\"cmsmasters_column_mohkwam0p\" class=\"cmsmasters_column one_fourth\">\n<div class=\"cmsmasters_column_inner\"><div id=\"cmsmasters_heading_1rudxs1sob\" class=\"cmsmasters_heading_wrap cmsmasters_heading_align_center\">\n\t<h3 class=\"cmsmasters_heading\">NAPRAVITE PRAVU STVAR ZA SVOJE ZDRAVLJE<\/h3>\n<\/div>\n<\/div><\/div>\n<div id=\"cmsmasters_column_fs7w7nyi85\" class=\"cmsmasters_column one_fourth\">\n<div class=\"cmsmasters_column_inner\"><div id=\"cmsmasters_button_gohs5dxab8\" class=\"button_wrap\"><a href=\"https:\/\/khao-sun.hr\/hr\/contacts\/\" class=\"cmsmasters_button\"><span>REZERVIRAJ TERMIN<\/span><\/a><\/div>\n<\/div><\/div>\n<div id=\"cmsmasters_column_oq0lo394sq\" class=\"cmsmasters_column one_fourth\">\n<div class=\"cmsmasters_column_inner\"><\/div><\/div>\n<\/div>\n<\/div>\n<\/div>\n<\/div>\n<\/div>\n\n","protected":false},"excerpt":{"rendered":"","protected":false},"author":1,"featured_media":0,"parent":0,"menu_order":0,"comment_status":"closed","ping_status":"closed","template":"","meta":{"footnotes":""},"class_list":["post-16839","page","type-page","status-publish","hentry"],"yoast_head":"<!-- This site is optimized with the Yoast SEO plugin v27.4 - https:\/\/yoast.com\/product\/yoast-seo-wordpress\/ -->\n<title>Pravila privatnosti - Khao Sun<\/title>\n<meta name=\"robots\" content=\"index, follow, max-snippet:-1, max-image-preview:large, max-video-preview:-1\" \/>\n<link rel=\"canonical\" href=\"https:\/\/khao-sun.hr\/hr\/pravila-privatnosti\/\" \/>\n<meta property=\"og:locale\" content=\"hr_HR\" \/>\n<meta property=\"og:type\" content=\"article\" \/>\n<meta property=\"og:title\" content=\"Pravila privatnosti - Khao Sun\" \/>\n<meta property=\"og:url\" content=\"https:\/\/khao-sun.hr\/hr\/pravila-privatnosti\/\" \/>\n<meta property=\"og:site_name\" content=\"Khao Sun\" \/>\n<meta property=\"article:modified_time\" content=\"2026-02-02T10:26:13+00:00\" \/>\n<meta name=\"twitter:card\" content=\"summary_large_image\" \/>\n<meta name=\"twitter:label1\" content=\"Est. reading time\" \/>\n\t<meta name=\"twitter:data1\" content=\"5 minutes\" \/>\n<script type=\"application\/ld+json\" class=\"yoast-schema-graph\">{\"@context\":\"https:\\\/\\\/schema.org\",\"@graph\":[{\"@type\":\"WebPage\",\"@id\":\"https:\\\/\\\/khao-sun.hr\\\/hr\\\/pravila-privatnosti\\\/\",\"url\":\"https:\\\/\\\/khao-sun.hr\\\/hr\\\/pravila-privatnosti\\\/\",\"name\":\"Pravila privatnosti - Khao Sun\",\"isPartOf\":{\"@id\":\"https:\\\/\\\/khao-sun.hr\\\/hr\\\/#website\"},\"datePublished\":\"2025-12-12T15:55:34+00:00\",\"dateModified\":\"2026-02-02T10:26:13+00:00\",\"breadcrumb\":{\"@id\":\"https:\\\/\\\/khao-sun.hr\\\/hr\\\/pravila-privatnosti\\\/#breadcrumb\"},\"inLanguage\":\"hr-HR\",\"potentialAction\":[{\"@type\":\"ReadAction\",\"target\":[\"https:\\\/\\\/khao-sun.hr\\\/hr\\\/pravila-privatnosti\\\/\"]}]},{\"@type\":\"BreadcrumbList\",\"@id\":\"https:\\\/\\\/khao-sun.hr\\\/hr\\\/pravila-privatnosti\\\/#breadcrumb\",\"itemListElement\":[{\"@type\":\"ListItem\",\"position\":1,\"name\":\"Home\",\"item\":\"https:\\\/\\\/khao-sun.hr\\\/hr\\\/\"},{\"@type\":\"ListItem\",\"position\":2,\"name\":\"Pravila privatnosti\"}]},{\"@type\":\"WebSite\",\"@id\":\"https:\\\/\\\/khao-sun.hr\\\/hr\\\/#website\",\"url\":\"https:\\\/\\\/khao-sun.hr\\\/hr\\\/\",\"name\":\"Khao Sun\",\"description\":\"Va\u0161 komadi\u0107 Tajlanda u centru Rijeke\",\"potentialAction\":[{\"@type\":\"SearchAction\",\"target\":{\"@type\":\"EntryPoint\",\"urlTemplate\":\"https:\\\/\\\/khao-sun.hr\\\/hr\\\/?s={search_term_string}\"},\"query-input\":{\"@type\":\"PropertyValueSpecification\",\"valueRequired\":true,\"valueName\":\"search_term_string\"}}],\"inLanguage\":\"hr-HR\"}]}<\/script>\n<!-- \/ Yoast SEO plugin. -->","yoast_head_json":{"title":"Pravila privatnosti - Khao Sun","robots":{"index":"index","follow":"follow","max-snippet":"max-snippet:-1","max-image-preview":"max-image-preview:large","max-video-preview":"max-video-preview:-1"},"canonical":"https:\/\/khao-sun.hr\/hr\/pravila-privatnosti\/","og_locale":"hr_HR","og_type":"article","og_title":"Pravila privatnosti - Khao Sun","og_url":"https:\/\/khao-sun.hr\/hr\/pravila-privatnosti\/","og_site_name":"Khao Sun","article_modified_time":"2026-02-02T10:26:13+00:00","twitter_card":"summary_large_image","twitter_misc":{"Est. reading time":"5 minutes"},"schema":{"@context":"https:\/\/schema.org","@graph":[{"@type":"WebPage","@id":"https:\/\/khao-sun.hr\/hr\/pravila-privatnosti\/","url":"https:\/\/khao-sun.hr\/hr\/pravila-privatnosti\/","name":"Pravila privatnosti - Khao Sun","isPartOf":{"@id":"https:\/\/khao-sun.hr\/hr\/#website"},"datePublished":"2025-12-12T15:55:34+00:00","dateModified":"2026-02-02T10:26:13+00:00","breadcrumb":{"@id":"https:\/\/khao-sun.hr\/hr\/pravila-privatnosti\/#breadcrumb"},"inLanguage":"hr-HR","potentialAction":[{"@type":"ReadAction","target":["https:\/\/khao-sun.hr\/hr\/pravila-privatnosti\/"]}]},{"@type":"BreadcrumbList","@id":"https:\/\/khao-sun.hr\/hr\/pravila-privatnosti\/#breadcrumb","itemListElement":[{"@type":"ListItem","position":1,"name":"Home","item":"https:\/\/khao-sun.hr\/hr\/"},{"@type":"ListItem","position":2,"name":"Pravila privatnosti"}]},{"@type":"WebSite","@id":"https:\/\/khao-sun.hr\/hr\/#website","url":"https:\/\/khao-sun.hr\/hr\/","name":"Khao Sun","description":"Va\u0161 komadi\u0107 Tajlanda u centru Rijeke","potentialAction":[{"@type":"SearchAction","target":{"@type":"EntryPoint","urlTemplate":"https:\/\/khao-sun.hr\/hr\/?s={search_term_string}"},"query-input":{"@type":"PropertyValueSpecification","valueRequired":true,"valueName":"search_term_string"}}],"inLanguage":"hr-HR"}]}},"_links":{"self":[{"href":"https:\/\/khao-sun.hr\/hr\/wp-json\/wp\/v2\/pages\/16839","targetHints":{"allow":["GET"]}}],"collection":[{"href":"https:\/\/khao-sun.hr\/hr\/wp-json\/wp\/v2\/pages"}],"about":[{"href":"https:\/\/khao-sun.hr\/hr\/wp-json\/wp\/v2\/types\/page"}],"author":[{"embeddable":true,"href":"https:\/\/khao-sun.hr\/hr\/wp-json\/wp\/v2\/users\/1"}],"replies":[{"embeddable":true,"href":"https:\/\/khao-sun.hr\/hr\/wp-json\/wp\/v2\/comments?post=16839"}],"version-history":[{"count":5,"href":"https:\/\/khao-sun.hr\/hr\/wp-json\/wp\/v2\/pages\/16839\/revisions"}],"predecessor-version":[{"id":16874,"href":"https:\/\/khao-sun.hr\/hr\/wp-json\/wp\/v2\/pages\/16839\/revisions\/16874"}],"wp:attachment":[{"href":"https:\/\/khao-sun.hr\/hr\/wp-json\/wp\/v2\/media?parent=16839"}],"curies":[{"name":"wp","href":"https:\/\/api.w.org\/{rel}","templated":true}]}}