{"id":16822,"date":"2025-12-12T16:47:12","date_gmt":"2025-12-12T15:47:12","guid":{"rendered":"https:\/\/khao-sun.hr\/?page_id=16822"},"modified":"2026-02-02T11:26:22","modified_gmt":"2026-02-02T10:26:22","slug":"impressum","status":"publish","type":"page","link":"https:\/\/khao-sun.hr\/hr\/impressum\/","title":{"rendered":"Pravni podaci (impressum)"},"content":{"rendered":"<div id=\"cmsmasters_row_ozx6vvs0is\" class=\"cmsmasters_row cmsmasters_color_scheme_default cmsmasters_row_top_default cmsmasters_row_bot_default cmsmasters_row_boxed\">\n<div class=\"cmsmasters_row_outer_parent\">\n<div class=\"cmsmasters_row_outer\">\n<div class=\"cmsmasters_row_inner\">\n<div class=\"cmsmasters_row_margin\">\n<div id=\"cmsmasters_column_8gtirwc0yq\" class=\"cmsmasters_column one_first\">\n<div class=\"cmsmasters_column_inner\"><div class=\"cmsmasters_text\">\n<h3>OSNOVNI PODACI O PRODAVATELJU<\/h3>\n<p><strong>Naziv<\/strong>: Khao Sun USLU\u017dNI OBRT ZA LJEPOTU I NJEGU TIJELA, vl. Davor Kopilovi\u0107<\/p>\n<p><strong>Sjedi\u0161te<\/strong>: Slavi\u0161e Vajnera \u010ci\u010de 11, 51 000 Rijeka<\/p>\n<p><strong>Adresa salona<\/strong>: Slavi\u0161e Vajnera \u010ci\u010de 11, 51 000 Rijeka<\/p>\n<p><strong>MBS<\/strong>: 92165320<\/p>\n<p><strong>Poslovna banka i broj \u017eiro-ra\u010duna IBAN<\/strong>: RAIFFEISENBANK AUSTRIA d.d., \u0110ure \u0160porera 2, Rijeka, HR6624840081102750645<\/p>\n<p><strong>OIB<\/strong>: 55106236777<\/p>\n<p><strong>Vlasnik<\/strong>: Davor Kopilovi\u0107<\/p>\n<p><strong>Broj telefona<\/strong>: <a href=\"tel:+38551211103\">+385 51 211 103<\/a><\/p>\n<p><strong>Adresa elektroni\u010dke po\u0161te<\/strong>: <a href=\"mailto:zagreb@khao-sun.hr\">rijeka@khao-sun.hr<\/a><\/p>\n<\/div>\n<\/div><\/div>\n<\/div>\n<\/div>\n<\/div>\n<\/div>\n<\/div>\n<div id=\"cmsmasters_row_3iazv4xneb\" class=\"cmsmasters_row cmsmasters_color_scheme_default cmsmasters_row_top_default cmsmasters_row_bot_default cmsmasters_row_fullwidth\">\n<div class=\"cmsmasters_row_outer_parent\">\n<div class=\"cmsmasters_row_outer\">\n<div class=\"cmsmasters_row_inner cmsmasters_row_fullwidth\">\n<div class=\"cmsmasters_row_margin\">\n<div id=\"cmsmasters_column_cjduy84udn\" class=\"cmsmasters_column one_fourth\">\n<div class=\"cmsmasters_column_inner\"><\/div><\/div>\n<div id=\"cmsmasters_column_mohkwam0p\" class=\"cmsmasters_column one_fourth\">\n<div class=\"cmsmasters_column_inner\"><div id=\"cmsmasters_heading_1rudxs1sob\" class=\"cmsmasters_heading_wrap cmsmasters_heading_align_center\">\n\t<h3 class=\"cmsmasters_heading\">NAPRAVITE PRAVU STVAR ZA SVOJE ZDRAVLJE<\/h3>\n<\/div>\n<\/div><\/div>\n<div id=\"cmsmasters_column_fs7w7nyi85\" class=\"cmsmasters_column one_fourth\">\n<div class=\"cmsmasters_column_inner\"><div id=\"cmsmasters_button_gohs5dxab8\" class=\"button_wrap\"><a href=\"https:\/\/khao-sun.hr\/hr\/contacts\/\" class=\"cmsmasters_button\"><span>REZERVIRAJ TERMIN<\/span><\/a><\/div>\n<\/div><\/div>\n<div id=\"cmsmasters_column_oq0lo394sq\" class=\"cmsmasters_column one_fourth\">\n<div class=\"cmsmasters_column_inner\"><\/div><\/div>\n<\/div>\n<\/div>\n<\/div>\n<\/div>\n<\/div>\n\n","protected":false},"excerpt":{"rendered":"","protected":false},"author":1,"featured_media":0,"parent":0,"menu_order":0,"comment_status":"closed","ping_status":"closed","template":"","meta":{"footnotes":""},"class_list":["post-16822","page","type-page","status-publish","hentry"],"yoast_head":"<!-- This site is optimized with the Yoast SEO plugin v27.4 - https:\/\/yoast.com\/product\/yoast-seo-wordpress\/ -->\n<title>Pravni podaci (impressum) - Khao Sun<\/title>\n<meta name=\"robots\" content=\"index, follow, max-snippet:-1, max-image-preview:large, max-video-preview:-1\" \/>\n<link rel=\"canonical\" href=\"https:\/\/khao-sun.hr\/hr\/impressum\/\" \/>\n<meta property=\"og:locale\" content=\"hr_HR\" \/>\n<meta property=\"og:type\" content=\"article\" \/>\n<meta property=\"og:title\" content=\"Pravni podaci (impressum) - Khao Sun\" \/>\n<meta property=\"og:url\" content=\"https:\/\/khao-sun.hr\/hr\/impressum\/\" \/>\n<meta property=\"og:site_name\" content=\"Khao Sun\" \/>\n<meta property=\"article:modified_time\" content=\"2026-02-02T10:26:22+00:00\" \/>\n<meta name=\"twitter:card\" content=\"summary_large_image\" \/>\n<meta name=\"twitter:label1\" content=\"Est. reading time\" \/>\n\t<meta name=\"twitter:data1\" content=\"1 minute\" \/>\n<script type=\"application\/ld+json\" class=\"yoast-schema-graph\">{\"@context\":\"https:\\\/\\\/schema.org\",\"@graph\":[{\"@type\":\"WebPage\",\"@id\":\"https:\\\/\\\/khao-sun.hr\\\/hr\\\/impressum\\\/\",\"url\":\"https:\\\/\\\/khao-sun.hr\\\/hr\\\/impressum\\\/\",\"name\":\"Pravni podaci (impressum) - Khao Sun\",\"isPartOf\":{\"@id\":\"https:\\\/\\\/khao-sun.hr\\\/hr\\\/#website\"},\"datePublished\":\"2025-12-12T15:47:12+00:00\",\"dateModified\":\"2026-02-02T10:26:22+00:00\",\"breadcrumb\":{\"@id\":\"https:\\\/\\\/khao-sun.hr\\\/hr\\\/impressum\\\/#breadcrumb\"},\"inLanguage\":\"hr-HR\",\"potentialAction\":[{\"@type\":\"ReadAction\",\"target\":[\"https:\\\/\\\/khao-sun.hr\\\/hr\\\/impressum\\\/\"]}]},{\"@type\":\"BreadcrumbList\",\"@id\":\"https:\\\/\\\/khao-sun.hr\\\/hr\\\/impressum\\\/#breadcrumb\",\"itemListElement\":[{\"@type\":\"ListItem\",\"position\":1,\"name\":\"Home\",\"item\":\"https:\\\/\\\/khao-sun.hr\\\/hr\\\/\"},{\"@type\":\"ListItem\",\"position\":2,\"name\":\"Pravni podaci (impressum)\"}]},{\"@type\":\"WebSite\",\"@id\":\"https:\\\/\\\/khao-sun.hr\\\/hr\\\/#website\",\"url\":\"https:\\\/\\\/khao-sun.hr\\\/hr\\\/\",\"name\":\"Khao Sun\",\"description\":\"Va\u0161 komadi\u0107 Tajlanda u centru Rijeke\",\"potentialAction\":[{\"@type\":\"SearchAction\",\"target\":{\"@type\":\"EntryPoint\",\"urlTemplate\":\"https:\\\/\\\/khao-sun.hr\\\/hr\\\/?s={search_term_string}\"},\"query-input\":{\"@type\":\"PropertyValueSpecification\",\"valueRequired\":true,\"valueName\":\"search_term_string\"}}],\"inLanguage\":\"hr-HR\"}]}<\/script>\n<!-- \/ Yoast SEO plugin. -->","yoast_head_json":{"title":"Pravni podaci (impressum) - Khao Sun","robots":{"index":"index","follow":"follow","max-snippet":"max-snippet:-1","max-image-preview":"max-image-preview:large","max-video-preview":"max-video-preview:-1"},"canonical":"https:\/\/khao-sun.hr\/hr\/impressum\/","og_locale":"hr_HR","og_type":"article","og_title":"Pravni podaci (impressum) - Khao Sun","og_url":"https:\/\/khao-sun.hr\/hr\/impressum\/","og_site_name":"Khao Sun","article_modified_time":"2026-02-02T10:26:22+00:00","twitter_card":"summary_large_image","twitter_misc":{"Est. reading time":"1 minute"},"schema":{"@context":"https:\/\/schema.org","@graph":[{"@type":"WebPage","@id":"https:\/\/khao-sun.hr\/hr\/impressum\/","url":"https:\/\/khao-sun.hr\/hr\/impressum\/","name":"Pravni podaci (impressum) - Khao Sun","isPartOf":{"@id":"https:\/\/khao-sun.hr\/hr\/#website"},"datePublished":"2025-12-12T15:47:12+00:00","dateModified":"2026-02-02T10:26:22+00:00","breadcrumb":{"@id":"https:\/\/khao-sun.hr\/hr\/impressum\/#breadcrumb"},"inLanguage":"hr-HR","potentialAction":[{"@type":"ReadAction","target":["https:\/\/khao-sun.hr\/hr\/impressum\/"]}]},{"@type":"BreadcrumbList","@id":"https:\/\/khao-sun.hr\/hr\/impressum\/#breadcrumb","itemListElement":[{"@type":"ListItem","position":1,"name":"Home","item":"https:\/\/khao-sun.hr\/hr\/"},{"@type":"ListItem","position":2,"name":"Pravni podaci (impressum)"}]},{"@type":"WebSite","@id":"https:\/\/khao-sun.hr\/hr\/#website","url":"https:\/\/khao-sun.hr\/hr\/","name":"Khao Sun","description":"Va\u0161 komadi\u0107 Tajlanda u centru Rijeke","potentialAction":[{"@type":"SearchAction","target":{"@type":"EntryPoint","urlTemplate":"https:\/\/khao-sun.hr\/hr\/?s={search_term_string}"},"query-input":{"@type":"PropertyValueSpecification","valueRequired":true,"valueName":"search_term_string"}}],"inLanguage":"hr-HR"}]}},"_links":{"self":[{"href":"https:\/\/khao-sun.hr\/hr\/wp-json\/wp\/v2\/pages\/16822","targetHints":{"allow":["GET"]}}],"collection":[{"href":"https:\/\/khao-sun.hr\/hr\/wp-json\/wp\/v2\/pages"}],"about":[{"href":"https:\/\/khao-sun.hr\/hr\/wp-json\/wp\/v2\/types\/page"}],"author":[{"embeddable":true,"href":"https:\/\/khao-sun.hr\/hr\/wp-json\/wp\/v2\/users\/1"}],"replies":[{"embeddable":true,"href":"https:\/\/khao-sun.hr\/hr\/wp-json\/wp\/v2\/comments?post=16822"}],"version-history":[{"count":10,"href":"https:\/\/khao-sun.hr\/hr\/wp-json\/wp\/v2\/pages\/16822\/revisions"}],"predecessor-version":[{"id":16875,"href":"https:\/\/khao-sun.hr\/hr\/wp-json\/wp\/v2\/pages\/16822\/revisions\/16875"}],"wp:attachment":[{"href":"https:\/\/khao-sun.hr\/hr\/wp-json\/wp\/v2\/media?parent=16822"}],"curies":[{"name":"wp","href":"https:\/\/api.w.org\/{rel}","templated":true}]}}