{"id":14253,"date":"2018-03-13T21:18:05","date_gmt":"2018-03-13T20:18:05","guid":{"rendered":"http:\/\/khao-sun.bot.hr\/?page_id=14253"},"modified":"2023-10-23T16:09:50","modified_gmt":"2023-10-23T15:09:50","slug":"ucinci-tajlandske-masaze","status":"publish","type":"page","link":"https:\/\/khao-sun.hr\/hr\/ucinci-tajlandske-masaze\/","title":{"rendered":"U\u010dinci tajlandske masa\u017ee"},"content":{"rendered":"<div id=\"cmsmasters_row_xn94j4vbb\" class=\"cmsmasters_row cmsmasters_color_scheme_default cmsmasters_row_top_default cmsmasters_row_bot_default cmsmasters_row_boxed\">\n<div class=\"cmsmasters_row_outer_parent\">\n<div class=\"cmsmasters_row_outer\">\n<div class=\"cmsmasters_row_inner\">\n<div class=\"cmsmasters_row_margin\">\n<div id=\"cmsmasters_column_n14bj4c2ng\" class=\"cmsmasters_column one_first\">\n<div class=\"cmsmasters_column_inner\"><div id=\"cmsmasters_heading_7c4497qei5\" class=\"cmsmasters_heading_wrap cmsmasters_heading_align_center\">\n\t<h2 class=\"cmsmasters_heading\">U\u010dinci tajlandske masa\u017ee<\/h2>\n<\/div>\n<\/div><\/div>\n<\/div>\n<\/div>\n<\/div>\n<\/div>\n<\/div>\n<div id=\"cmsmasters_row_onfvgbjd1e\" class=\"cmsmasters_row cmsmasters_color_scheme_default cmsmasters_row_top_default cmsmasters_row_bot_default cmsmasters_row_boxed\">\n<div class=\"cmsmasters_row_outer_parent\">\n<div class=\"cmsmasters_row_outer\">\n<div class=\"cmsmasters_row_inner\">\n<div class=\"cmsmasters_row_margin\">\n<div id=\"cmsmasters_column_3yjucwfpgc\" class=\"cmsmasters_column one_first\">\n<div class=\"cmsmasters_column_inner\">\n<div id=\"cmsmasters_divider_z1wot5xwgh\" class=\"cl\"><\/div>\n<div class=\"cmsmasters_text\">\n<p style=\"text-align: justify;\">Poma\u017ee u osloba\u0111anju blokada i stimulira protok \u017eivotne energije, \u010dime se uspostavlja ravnote\u017ea tijela, uma i duha. Time se otklanjaju razli\u010dite psiho-fizi\u010dke tegobe.<\/p>\n<p>Fiziolo\u0161ki u\u010dinci tradicionalne tajlandske masa\u017ee na krvo\u017eilni sustav su bolja cirkulacija limfe i krvi i smanjenje broja otkucaja srca. Smanjuju se edemi uzrokovani sporim tokom limfe i ubrzava se otklon toksina iz organizma. Tako\u0111er se opu\u0161taju tetive i mi\u0161i\u0107i, razgibaju se zglobovi \u0161to ima utjecaja na ve\u0107u fleksibilnost tijela. Stimulira se kvalitetnija aktivnost \u017eiv\u010danog i probavnog sustava.<\/p>\n<p>Moderne varijacije tradicionalne tajlandske masa\u017ee poma\u017eu u otklanjanju psihi\u010dkog i fizi\u010dkog stresa, opu\u0161taju tijelo, ubla\u017eavaju tegobe sa mi\u0161i\u0107ima uzrokovane pove\u0107anim fizi\u010dkim naporima. Tako\u0111er smanjuju u\u010destalost bolova kroni\u010dnih tegoba, balansiraju rad cijeloga tijela, a poma\u017eu i u borbi protiv celulita.<\/p>\n<\/div>\n\n<div id=\"cmsmasters_divider_t5a3bwyffr\" class=\"cl\"><\/div>\n<div id=\"cmsmasters_gallery_bzplb4pyt\" class=\"cmsmasters_gallery_wrap\" data-type=\"grid\" data-count=\"0\"><ul class=\"cmsmasters_gallery cmsmasters_4 cmsmasters_more_items_loader\"><li class=\"cmsmasters_gallery_item\"><figure><a href=\"https:\/\/khao-sun.hr\/wp-content\/uploads\/2023\/10\/IMG_3563.jpg\" rel=\"ilightbox[bzplb4pyt]\"><img loading=\"lazy\" decoding=\"async\" width=\"300\" height=\"200\" src=\"https:\/\/khao-sun.hr\/wp-content\/uploads\/2023\/10\/IMG_3563-300x200.jpg\" class=\"attachment-medium size-medium\" alt=\"\" srcset=\"https:\/\/khao-sun.hr\/wp-content\/uploads\/2023\/10\/IMG_3563-300x200.jpg 300w, https:\/\/khao-sun.hr\/wp-content\/uploads\/2023\/10\/IMG_3563-768x512.jpg 768w, https:\/\/khao-sun.hr\/wp-content\/uploads\/2023\/10\/IMG_3563-1024x683.jpg 1024w, https:\/\/khao-sun.hr\/wp-content\/uploads\/2023\/10\/IMG_3563-580x386.jpg 580w, https:\/\/khao-sun.hr\/wp-content\/uploads\/2023\/10\/IMG_3563-860x573.jpg 860w, https:\/\/khao-sun.hr\/wp-content\/uploads\/2023\/10\/IMG_3563-1160x773.jpg 1160w\" sizes=\"auto, (max-width: 300px) 100vw, 300px\" \/><\/a><\/figure><\/li><li class=\"cmsmasters_gallery_item\"><figure><a href=\"https:\/\/khao-sun.hr\/wp-content\/uploads\/2023\/10\/IMG_3577.jpg\" rel=\"ilightbox[bzplb4pyt]\"><img loading=\"lazy\" decoding=\"async\" width=\"300\" height=\"200\" src=\"https:\/\/khao-sun.hr\/wp-content\/uploads\/2023\/10\/IMG_3577-300x200.jpg\" class=\"attachment-medium size-medium\" alt=\"\" srcset=\"https:\/\/khao-sun.hr\/wp-content\/uploads\/2023\/10\/IMG_3577-300x200.jpg 300w, https:\/\/khao-sun.hr\/wp-content\/uploads\/2023\/10\/IMG_3577-768x512.jpg 768w, https:\/\/khao-sun.hr\/wp-content\/uploads\/2023\/10\/IMG_3577-1024x683.jpg 1024w, https:\/\/khao-sun.hr\/wp-content\/uploads\/2023\/10\/IMG_3577-580x386.jpg 580w, https:\/\/khao-sun.hr\/wp-content\/uploads\/2023\/10\/IMG_3577-860x573.jpg 860w, https:\/\/khao-sun.hr\/wp-content\/uploads\/2023\/10\/IMG_3577-1160x773.jpg 1160w\" sizes=\"auto, (max-width: 300px) 100vw, 300px\" \/><\/a><\/figure><\/li><li class=\"cmsmasters_gallery_item\"><figure><a href=\"https:\/\/khao-sun.hr\/wp-content\/uploads\/2023\/10\/IMG_3742.jpg\" rel=\"ilightbox[bzplb4pyt]\"><img loading=\"lazy\" decoding=\"async\" width=\"300\" height=\"200\" src=\"https:\/\/khao-sun.hr\/wp-content\/uploads\/2023\/10\/IMG_3742-300x200.jpg\" class=\"attachment-medium size-medium\" alt=\"\" srcset=\"https:\/\/khao-sun.hr\/wp-content\/uploads\/2023\/10\/IMG_3742-300x200.jpg 300w, https:\/\/khao-sun.hr\/wp-content\/uploads\/2023\/10\/IMG_3742-768x512.jpg 768w, https:\/\/khao-sun.hr\/wp-content\/uploads\/2023\/10\/IMG_3742-1024x683.jpg 1024w, https:\/\/khao-sun.hr\/wp-content\/uploads\/2023\/10\/IMG_3742-580x386.jpg 580w, https:\/\/khao-sun.hr\/wp-content\/uploads\/2023\/10\/IMG_3742-860x573.jpg 860w, https:\/\/khao-sun.hr\/wp-content\/uploads\/2023\/10\/IMG_3742-1160x773.jpg 1160w\" sizes=\"auto, (max-width: 300px) 100vw, 300px\" \/><\/a><\/figure><\/li><li class=\"cmsmasters_gallery_item\"><figure><a href=\"https:\/\/khao-sun.hr\/wp-content\/uploads\/2023\/10\/IMG_3738.jpg\" rel=\"ilightbox[bzplb4pyt]\"><img loading=\"lazy\" decoding=\"async\" width=\"300\" height=\"200\" src=\"https:\/\/khao-sun.hr\/wp-content\/uploads\/2023\/10\/IMG_3738-300x200.jpg\" class=\"attachment-medium size-medium\" alt=\"\" srcset=\"https:\/\/khao-sun.hr\/wp-content\/uploads\/2023\/10\/IMG_3738-300x200.jpg 300w, https:\/\/khao-sun.hr\/wp-content\/uploads\/2023\/10\/IMG_3738-768x512.jpg 768w, https:\/\/khao-sun.hr\/wp-content\/uploads\/2023\/10\/IMG_3738-1024x683.jpg 1024w, https:\/\/khao-sun.hr\/wp-content\/uploads\/2023\/10\/IMG_3738-580x386.jpg 580w, https:\/\/khao-sun.hr\/wp-content\/uploads\/2023\/10\/IMG_3738-860x573.jpg 860w, https:\/\/khao-sun.hr\/wp-content\/uploads\/2023\/10\/IMG_3738-1160x773.jpg 1160w\" sizes=\"auto, (max-width: 300px) 100vw, 300px\" \/><\/a><\/figure><\/li><\/ul><\/div>\n<\/div><\/div>\n<\/div>\n<\/div>\n<\/div>\n<\/div>\n<\/div>\n\n","protected":false},"excerpt":{"rendered":"","protected":false},"author":1,"featured_media":0,"parent":0,"menu_order":0,"comment_status":"closed","ping_status":"open","template":"","meta":{"footnotes":""},"class_list":["post-14253","page","type-page","status-publish","hentry"],"yoast_head":"<!-- This site is optimized with the Yoast SEO plugin v27.4 - https:\/\/yoast.com\/product\/yoast-seo-wordpress\/ -->\n<title>U\u010dinci tajlandske masa\u017ee - Khao Sun<\/title>\n<meta name=\"robots\" content=\"index, follow, max-snippet:-1, max-image-preview:large, max-video-preview:-1\" \/>\n<link rel=\"canonical\" href=\"https:\/\/khao-sun.hr\/hr\/ucinci-tajlandske-masaze\/\" \/>\n<meta property=\"og:locale\" content=\"hr_HR\" \/>\n<meta property=\"og:type\" content=\"article\" \/>\n<meta property=\"og:title\" content=\"U\u010dinci tajlandske masa\u017ee - Khao Sun\" \/>\n<meta property=\"og:url\" content=\"https:\/\/khao-sun.hr\/hr\/ucinci-tajlandske-masaze\/\" \/>\n<meta property=\"og:site_name\" content=\"Khao Sun\" \/>\n<meta property=\"article:modified_time\" content=\"2023-10-23T15:09:50+00:00\" \/>\n<meta name=\"twitter:card\" content=\"summary_large_image\" \/>\n<meta name=\"twitter:label1\" content=\"Est. reading time\" \/>\n\t<meta name=\"twitter:data1\" content=\"3 minutes\" \/>\n<script type=\"application\/ld+json\" class=\"yoast-schema-graph\">{\"@context\":\"https:\\\/\\\/schema.org\",\"@graph\":[{\"@type\":\"WebPage\",\"@id\":\"https:\\\/\\\/khao-sun.hr\\\/hr\\\/ucinci-tajlandske-masaze\\\/\",\"url\":\"https:\\\/\\\/khao-sun.hr\\\/hr\\\/ucinci-tajlandske-masaze\\\/\",\"name\":\"U\u010dinci tajlandske masa\u017ee - Khao Sun\",\"isPartOf\":{\"@id\":\"https:\\\/\\\/khao-sun.hr\\\/hr\\\/#website\"},\"datePublished\":\"2018-03-13T20:18:05+00:00\",\"dateModified\":\"2023-10-23T15:09:50+00:00\",\"breadcrumb\":{\"@id\":\"https:\\\/\\\/khao-sun.hr\\\/hr\\\/ucinci-tajlandske-masaze\\\/#breadcrumb\"},\"inLanguage\":\"hr-HR\",\"potentialAction\":[{\"@type\":\"ReadAction\",\"target\":[\"https:\\\/\\\/khao-sun.hr\\\/hr\\\/ucinci-tajlandske-masaze\\\/\"]}]},{\"@type\":\"BreadcrumbList\",\"@id\":\"https:\\\/\\\/khao-sun.hr\\\/hr\\\/ucinci-tajlandske-masaze\\\/#breadcrumb\",\"itemListElement\":[{\"@type\":\"ListItem\",\"position\":1,\"name\":\"Home\",\"item\":\"https:\\\/\\\/khao-sun.hr\\\/hr\\\/\"},{\"@type\":\"ListItem\",\"position\":2,\"name\":\"U\u010dinci tajlandske masa\u017ee\"}]},{\"@type\":\"WebSite\",\"@id\":\"https:\\\/\\\/khao-sun.hr\\\/hr\\\/#website\",\"url\":\"https:\\\/\\\/khao-sun.hr\\\/hr\\\/\",\"name\":\"Khao Sun\",\"description\":\"Va\u0161 komadi\u0107 Tajlanda u centru Rijeke\",\"potentialAction\":[{\"@type\":\"SearchAction\",\"target\":{\"@type\":\"EntryPoint\",\"urlTemplate\":\"https:\\\/\\\/khao-sun.hr\\\/hr\\\/?s={search_term_string}\"},\"query-input\":{\"@type\":\"PropertyValueSpecification\",\"valueRequired\":true,\"valueName\":\"search_term_string\"}}],\"inLanguage\":\"hr-HR\"}]}<\/script>\n<!-- \/ Yoast SEO plugin. -->","yoast_head_json":{"title":"U\u010dinci tajlandske masa\u017ee - Khao Sun","robots":{"index":"index","follow":"follow","max-snippet":"max-snippet:-1","max-image-preview":"max-image-preview:large","max-video-preview":"max-video-preview:-1"},"canonical":"https:\/\/khao-sun.hr\/hr\/ucinci-tajlandske-masaze\/","og_locale":"hr_HR","og_type":"article","og_title":"U\u010dinci tajlandske masa\u017ee - Khao Sun","og_url":"https:\/\/khao-sun.hr\/hr\/ucinci-tajlandske-masaze\/","og_site_name":"Khao Sun","article_modified_time":"2023-10-23T15:09:50+00:00","twitter_card":"summary_large_image","twitter_misc":{"Est. reading time":"3 minutes"},"schema":{"@context":"https:\/\/schema.org","@graph":[{"@type":"WebPage","@id":"https:\/\/khao-sun.hr\/hr\/ucinci-tajlandske-masaze\/","url":"https:\/\/khao-sun.hr\/hr\/ucinci-tajlandske-masaze\/","name":"U\u010dinci tajlandske masa\u017ee - Khao Sun","isPartOf":{"@id":"https:\/\/khao-sun.hr\/hr\/#website"},"datePublished":"2018-03-13T20:18:05+00:00","dateModified":"2023-10-23T15:09:50+00:00","breadcrumb":{"@id":"https:\/\/khao-sun.hr\/hr\/ucinci-tajlandske-masaze\/#breadcrumb"},"inLanguage":"hr-HR","potentialAction":[{"@type":"ReadAction","target":["https:\/\/khao-sun.hr\/hr\/ucinci-tajlandske-masaze\/"]}]},{"@type":"BreadcrumbList","@id":"https:\/\/khao-sun.hr\/hr\/ucinci-tajlandske-masaze\/#breadcrumb","itemListElement":[{"@type":"ListItem","position":1,"name":"Home","item":"https:\/\/khao-sun.hr\/hr\/"},{"@type":"ListItem","position":2,"name":"U\u010dinci tajlandske masa\u017ee"}]},{"@type":"WebSite","@id":"https:\/\/khao-sun.hr\/hr\/#website","url":"https:\/\/khao-sun.hr\/hr\/","name":"Khao Sun","description":"Va\u0161 komadi\u0107 Tajlanda u centru Rijeke","potentialAction":[{"@type":"SearchAction","target":{"@type":"EntryPoint","urlTemplate":"https:\/\/khao-sun.hr\/hr\/?s={search_term_string}"},"query-input":{"@type":"PropertyValueSpecification","valueRequired":true,"valueName":"search_term_string"}}],"inLanguage":"hr-HR"}]}},"_links":{"self":[{"href":"https:\/\/khao-sun.hr\/hr\/wp-json\/wp\/v2\/pages\/14253","targetHints":{"allow":["GET"]}}],"collection":[{"href":"https:\/\/khao-sun.hr\/hr\/wp-json\/wp\/v2\/pages"}],"about":[{"href":"https:\/\/khao-sun.hr\/hr\/wp-json\/wp\/v2\/types\/page"}],"author":[{"embeddable":true,"href":"https:\/\/khao-sun.hr\/hr\/wp-json\/wp\/v2\/users\/1"}],"replies":[{"embeddable":true,"href":"https:\/\/khao-sun.hr\/hr\/wp-json\/wp\/v2\/comments?post=14253"}],"version-history":[{"count":9,"href":"https:\/\/khao-sun.hr\/hr\/wp-json\/wp\/v2\/pages\/14253\/revisions"}],"predecessor-version":[{"id":15452,"href":"https:\/\/khao-sun.hr\/hr\/wp-json\/wp\/v2\/pages\/14253\/revisions\/15452"}],"wp:attachment":[{"href":"https:\/\/khao-sun.hr\/hr\/wp-json\/wp\/v2\/media?parent=14253"}],"curies":[{"name":"wp","href":"https:\/\/api.w.org\/{rel}","templated":true}]}}