{"id":11843,"date":"2016-06-24T11:34:58","date_gmt":"2016-06-24T11:34:58","guid":{"rendered":"http:\/\/template.cmsmasters.net\/?page_id=11843"},"modified":"2025-12-10T15:58:45","modified_gmt":"2025-12-10T14:58:45","slug":"online-booking","status":"publish","type":"page","link":"https:\/\/khao-sun.hr\/hr\/online-booking\/","title":{"rendered":"Rezervacija"},"content":{"rendered":"<div id=\"cmsmasters_row_1eds1htj3\" class=\"cmsmasters_row cmsmasters_color_scheme_default cmsmasters_row_top_default cmsmasters_row_bot_default cmsmasters_row_boxed\">\n<div class=\"cmsmasters_row_outer_parent\">\n<div class=\"cmsmasters_row_outer\">\n<div class=\"cmsmasters_row_inner\">\n<div class=\"cmsmasters_row_margin\">\n<div id=\"cmsmasters_column_v96cedqj86\" class=\"cmsmasters_column one_first\">\n<div class=\"cmsmasters_column_inner\"><div id=\"cmsmasters_heading_lksisyf1jc\" class=\"cmsmasters_heading_wrap cmsmasters_heading_align_center\">\n\t<h2 class=\"cmsmasters_heading\">Napravite rezervaciju ili po\u0161aljite upit<\/h2>\n<\/div>\n<\/div><\/div>\n<\/div>\n<\/div>\n<\/div>\n<\/div>\n<\/div>\n<div id=\"cmsmasters_row_sg44cowxqf\" class=\"cmsmasters_row cmsmasters_color_scheme_default cmsmasters_row_top_default cmsmasters_row_bot_default cmsmasters_row_boxed\">\n<div class=\"cmsmasters_row_outer_parent\">\n<div class=\"cmsmasters_row_outer\">\n<div class=\"cmsmasters_row_inner\">\n<div class=\"cmsmasters_row_margin\">\n<div id=\"cmsmasters_column_99ew04boj2\" class=\"cmsmasters_column one_first\">\n<div class=\"cmsmasters_column_inner\"><div class=\"cmsmasters_text\">\n<h4 style=\"text-align: center;\"><strong>Obratite nam se s punim povjerenjem! Na Va\u0161 upit ili zahtjev za rezervacijom odgovorit \u0107emo u najkra\u0107em roku<\/strong><\/h4>\n<\/div>\n<div class=\"cmsmasters_text\">\n<h4 style=\"text-align: center;\"><strong>NAPOMENA: Sve cijene izra\u017eene su s uklju\u010denim PDV-om.<\/strong><\/h4>\n<h4 style=\"text-align: center;\"><strong>Navedene cijene tretmana va\u017ee\u0107e su za pla\u0107anje gotovinom. Ukoliko tretmane pla\u0107ate karticama cijena tretmana uve\u0107ava se za 10%.<\/strong><\/h4>\n<\/div>\n<\/div><\/div>\n<\/div>\n<\/div>\n<\/div>\n<\/div>\n<\/div>\n<div id=\"cmsmasters_row_8avcfbtvy\" class=\"cmsmasters_row cmsmasters_color_scheme_default cmsmasters_row_top_default cmsmasters_row_bot_default cmsmasters_row_boxed\">\n<div id=\"rezervacije\" class=\"cmsmasters_row_outer_parent\">\n<div class=\"cmsmasters_row_outer\">\n<div class=\"cmsmasters_row_inner cmsmasters_row_no_margin\">\n<div class=\"cmsmasters_row_margin\">\n<div id=\"cmsmasters_column_50c039536\" class=\"cmsmasters_column one_half\">\n<div class=\"cmsmasters_column_inner\">\n<div id=\"cmsmasters_divider_zwi0e7g5a\" class=\"cl\"><\/div>\n<div class=\"aligncenter\"><div class=\"cmsmasters_img  cmsmasters_image_c\"><img decoding=\"async\" src=\"https:\/\/khao-sun.hr\/wp-content\/uploads\/2018\/03\/04-resized-300x196.jpg\" \/><\/div><\/div>\n<div id=\"cmsmasters_divider_7nfdtjihy\" class=\"cl\"><\/div>\n<div class=\"aligncenter\"><div class=\"cmsmasters_img  cmsmasters_image_c\"><img decoding=\"async\" src=\"https:\/\/khao-sun.hr\/wp-content\/uploads\/2018\/03\/17-resized-300x196.jpg\" \/><\/div><\/div>\n<div id=\"cmsmasters_divider_zbsupdj7f9\" class=\"cl\"><\/div>\n<div class=\"aligncenter\"><div class=\"cmsmasters_img  cmsmasters_image_c\"><img decoding=\"async\" src=\"https:\/\/khao-sun.hr\/wp-content\/uploads\/2018\/03\/24-resized-300x196.jpg\" \/><\/div><\/div>\n<\/div><\/div>\n<div id=\"cmsmasters_column_a6yjkj8rfq\" class=\"cmsmasters_column one_half\">\n<div class=\"cmsmasters_column_inner\"><div id=\"cmsmasters_heading_51iuro94vx\" class=\"cmsmasters_heading_wrap cmsmasters_heading_align_left\">\n\t<h2 class=\"cmsmasters_heading\">REZERVACIJE I UPITI za salon u Rijeci<\/h2>\n<\/div>\n<div class=\"cmsmasters_contact_form\" data-animation=\"fadeIn\" data-delay=\"200\">\n<div class=\"wpcf7 no-js\" id=\"wpcf7-f14200-o1\" lang=\"en-US\" dir=\"ltr\" data-wpcf7-id=\"14200\">\n<div class=\"screen-reader-response\"><p role=\"status\" aria-live=\"polite\" aria-atomic=\"true\"><\/p> <ul><\/ul><\/div>\n<form action=\"\/hr\/wp-json\/wp\/v2\/pages\/11843#wpcf7-f14200-o1\" method=\"post\" class=\"wpcf7-form init\" aria-label=\"Contact form\" novalidate=\"novalidate\" data-status=\"init\">\n<fieldset class=\"hidden-fields-container\"><input type=\"hidden\" name=\"_wpcf7\" value=\"14200\" \/><input type=\"hidden\" name=\"_wpcf7_version\" value=\"6.1.5\" \/><input type=\"hidden\" name=\"_wpcf7_locale\" value=\"en_US\" \/><input type=\"hidden\" name=\"_wpcf7_unit_tag\" value=\"wpcf7-f14200-o1\" \/><input type=\"hidden\" name=\"_wpcf7_container_post\" value=\"0\" \/><input type=\"hidden\" name=\"_wpcf7_posted_data_hash\" value=\"\" \/><input type=\"hidden\" name=\"_cf7a__timestamp\" value=\"MSirQRHHltp\/0l5xAiWp+Q==\" \/><input type=\"hidden\" name=\"_cf7a_version\" value=\"1.0\" \/><input type=\"hidden\" name=\"_cf7a_address\" value=\"\" \/><input type=\"hidden\" name=\"_cf7a_referer\" value=\"\" \/><input type=\"hidden\" name=\"_cf7a_protocol\" value=\"\" \/><input type=\"hidden\" name=\"_cf7a_bot_fingerprint\" value=\"MSirQRHHltp\/0l5xAiWp+Q==\" \/>\n<\/fieldset>\n<p><label> Ime (obavezan unos)<br \/>\n<span class=\"wpcf7-form-control-wrap\" data-name=\"your-name\"><input size=\"40\" maxlength=\"400\" class=\"wpcf7-form-control wpcf7-text wpcf7-validates-as-required\" aria-required=\"true\" aria-invalid=\"false\" value=\"\" type=\"text\" name=\"your-name\" \/><input type=\"text\" name=\"name\" value=\"\" autocomplete=\"fill\" class=\"fit-the-fullspace\" aria-hidden=\"true\" tabindex=\"-1\" \/><\/span> <\/label>\n<\/p>\n<p><label> Prezime<br \/>\n<span class=\"wpcf7-form-control-wrap\" data-name=\"your-surname\"><input type=\"text\" name=\"email\" value=\"\" autocomplete=\"fill\" class=\"fit-the-fullspace\" aria-hidden=\"true\" tabindex=\"-1\" \/><input size=\"40\" maxlength=\"400\" class=\"wpcf7-form-control wpcf7-text wpcf7-validates-as-required\" aria-required=\"true\" aria-invalid=\"false\" value=\"\" type=\"text\" name=\"your-surname\" \/><\/span> <\/label>\n<\/p>\n<p><label> Broj telefona<br \/>\n<span class=\"wpcf7-form-control-wrap\" data-name=\"tel-531\"><input size=\"40\" maxlength=\"400\" class=\"wpcf7-form-control wpcf7-tel wpcf7-validates-as-required wpcf7-text wpcf7-validates-as-tel\" id=\"phone\" aria-required=\"true\" aria-invalid=\"false\" placeholder=\"+385\" value=\"\" type=\"tel\" name=\"tel-531\" \/><\/span> <\/label>\n<\/p>\n<p><label> Email (obavezan unos)<br \/>\n<span class=\"wpcf7-form-control-wrap\" data-name=\"your-email\"><input size=\"40\" maxlength=\"400\" class=\"wpcf7-form-control wpcf7-email wpcf7-validates-as-required wpcf7-text wpcf7-validates-as-email\" aria-required=\"true\" aria-invalid=\"false\" value=\"\" type=\"email\" name=\"your-email\" \/><\/span> <\/label>\n<\/p>\n<p><label> Datum dolaska<br \/>\n<span class=\"wpcf7-form-control-wrap\" data-name=\"date-736\"><input class=\"wpcf7-form-control wpcf7-date wpcf7-validates-as-date\" aria-invalid=\"false\" value=\"\" type=\"date\" name=\"date-736\" \/><\/span> <\/label>\n<\/p>\n<p><label> Vrijeme dolaska<br \/>\n<span class=\"wpcf7-form-control-wrap\" data-name=\"menu-887\"><select class=\"wpcf7-form-control wpcf7-select\" aria-invalid=\"false\" name=\"menu-887\"><option value=\"nije odabrano\">nije odabrano<\/option><option value=\"09:00\">09:00<\/option><option value=\"09:30\">09:30<\/option><option value=\"10:00\">10:00<\/option><option value=\"10:30\">10:30<\/option><option value=\"11:00\">11:00<\/option><option value=\"11:30\">11:30<\/option><option value=\"12:00\">12:00<\/option><option value=\"12:30\">12:30<\/option><option value=\"13:00\">13:00<\/option><option value=\"13:30\">13:30<\/option><option value=\"14:00\">14:00<\/option><option value=\"14:30\">14:30<\/option><option value=\"15:00\">15:00<\/option><option value=\"15:30\">15:30<\/option><option value=\"16:00\">16:00<\/option><option value=\"16:30\">16:30<\/option><option value=\"17:00\">17:00<\/option><option value=\"17:30\">17:30<\/option><option value=\"18:00\">18:00<\/option><option value=\"18:30\">18:30<\/option><option value=\"19:00\">19:00<\/option><option value=\"19:30\">19:30<\/option><option value=\"20:00\">20:00<\/option><option value=\"20:30\">20:30<\/option><option value=\"21:00\">21:00<\/option><option value=\"21:30\">21:30<\/option><\/select><\/span> <\/label>\n<\/p>\n<p><label> \u017deljena usluga<br \/>\n<span class=\"wpcf7-form-control-wrap\" data-name=\"menu-961\"><select class=\"wpcf7-form-control wpcf7-select big-select\" aria-invalid=\"false\" name=\"menu-961\"><option value=\"nije odabrano\">nije odabrano<\/option><option value=\"Tradicionalna tajlandska masa\u017ea (50 min.)\">Tradicionalna tajlandska masa\u017ea (50 min.)<\/option><option value=\"Tradicionalna tajlandska masa\u017ea (80 min.)\">Tradicionalna tajlandska masa\u017ea (80 min.)<\/option><option value=\"Tajlandska masa\u017ea s toplim oblozima (50 min.)\">Tajlandska masa\u017ea s toplim oblozima (50 min.)<\/option><option value=\"Tajlandska masa\u017ea s toplim oblozima (80 min.)\">Tajlandska masa\u017ea s toplim oblozima (80 min.)<\/option><option value=\"Tajlandska masa\u017ea s odabranim eteri\u010dnim uljima(50 min.)\">Tajlandska masa\u017ea s odabranim eteri\u010dnim uljima(50 min.)<\/option><option value=\"Tajlandska masa\u017ea s odabranim eteri\u010dnim uljima(80 min.)\">Tajlandska masa\u017ea s odabranim eteri\u010dnim uljima(80 min.)<\/option><option value=\"Tajlandska masa\u017ea s eteri\u010dnim uljima prilago\u0111ena trudnicama (50 min.)\">Tajlandska masa\u017ea s eteri\u010dnim uljima prilago\u0111ena trudnicama (50 min.)<\/option><option value=\"Tajlandska masa\u017ea s eteri\u010dnim uljima prilago\u0111ena trudnicama (80 min.)\">Tajlandska masa\u017ea s eteri\u010dnim uljima prilago\u0111ena trudnicama (80 min.)<\/option><option value=\"Lomi - Lomi\">Lomi - Lomi<\/option><option value=\"Isto\u010dnja\u010dka masa\u017ea stopala\">Isto\u010dnja\u010dka masa\u017ea stopala<\/option><option value=\"Isto\u010dnja\u010dka masa\u017ea stopala i dlanova\">Isto\u010dnja\u010dka masa\u017ea stopala i dlanova<\/option><option value=\"Antistres masa\u017ea le\u0111a\">Antistres masa\u017ea le\u0111a<\/option><option value=\"Opu\u0161taju\u0107a masa\u017ea le\u0111a s eteri\u010dnim uljima\">Opu\u0161taju\u0107a masa\u017ea le\u0111a s eteri\u010dnim uljima<\/option><option value=\"Masa\u017ea lica s eteri\u010dnim uljima prilago\u0111ena tipu ko\u017ee\">Masa\u017ea lica s eteri\u010dnim uljima prilago\u0111ena tipu ko\u017ee<\/option><option value=\"Opijum\">Opijum<\/option><option value=\"Euforija\">Euforija<\/option><option value=\"Orijentalni MIX\">Orijentalni MIX<\/option><option value=\"Vitalnost\">Vitalnost<\/option><option value=\"Harmonija\">Harmonija<\/option><option value=\"Khao Sun\">Khao Sun<\/option><option value=\"Anticelulitni program 7 plus 1\">Anticelulitni program 7 plus 1<\/option><option value=\"Anticelulitni program 10 plus 1\">Anticelulitni program 10 plus 1<\/option><option value=\"Anticelulitni program s peelingom 7 plus 1\">Anticelulitni program s peelingom 7 plus 1<\/option><option value=\"Balance\">Balance<\/option><option value=\"Anticelulitni program s peelingom 10 plus 1\">Anticelulitni program s peelingom 10 plus 1<\/option><option value=\"Revital\">Revital<\/option><option value=\"Hot stone\">Hot stone<\/option><option value=\"Back pain relief therapy\">Back pain relief therapy<\/option><option value=\"Back pain relief therapy i masa\u017ea glave\">Back pain relief therapy i masa\u017ea glave<\/option><option value=\"Tajlandska masa\u017ea s odabranim eteri\u010dnim uljima s pilingom\">Tajlandska masa\u017ea s odabranim eteri\u010dnim uljima s pilingom<\/option><option value=\"Tradicionalna tajlandska masa\u017ea s pilingom\">Tradicionalna tajlandska masa\u017ea s pilingom<\/option><option value=\"Opu\u0161taju\u0107a masa\u017ea stopala s pilingom te masa\u017ea glave\">Opu\u0161taju\u0107a masa\u017ea stopala s pilingom te masa\u017ea glave<\/option><option value=\"Piling cijelog tijela (bez masa\u017ee)\">Piling cijelog tijela (bez masa\u017ee)<\/option><option value=\"Piling nogu i stopala (bez masa\u017ee)\">Piling nogu i stopala (bez masa\u017ee)<\/option><\/select><\/span><\/label>\n<\/p>\n<p><label> Poruka<br \/>\n<span class=\"wpcf7-form-control-wrap\" data-name=\"your-message\"><textarea cols=\"40\" rows=\"10\" maxlength=\"2000\" class=\"wpcf7-form-control wpcf7-textarea\" aria-invalid=\"false\" name=\"your-message\"><\/textarea><\/span> <\/label><br \/>\n<label><br \/>\n<\/label><br \/>\n<input class=\"wpcf7-form-control wpcf7-submit has-spinner\" type=\"submit\" value=\"Po\u0161alji\" \/>\n<\/p><div class=\"wpcf7-response-output\" aria-hidden=\"true\"><\/div>\n<\/form>\n<\/div>\n<\/div>\n<\/div><\/div>\n<\/div>\n<\/div>\n<\/div>\n<\/div>\n<\/div>\n<div id=\"cmsmasters_row_2y8cffofnb\" class=\"cmsmasters_row cmsmasters_color_scheme_default cmsmasters_row_top_default cmsmasters_row_bot_default cmsmasters_row_boxed\">\n<div class=\"cmsmasters_row_outer_parent\">\n<div class=\"cmsmasters_row_outer\">\n<div class=\"cmsmasters_row_inner\">\n<div class=\"cmsmasters_row_margin\">\n<div id=\"cmsmasters_column_7o2s55za9q\" class=\"cmsmasters_column one_first\">\n<div class=\"cmsmasters_column_inner\"><div class=\"cmsmasters_text\">\n<p style=\"text-align: center;\"><strong>Po\u0161tovani korisnici na\u0161ih usluga, molimo da unaprijed rezervirane termine, ako ste sprije\u010deni do\u0107i, otka\u017eete najmanje tri sata prije dogovorenog termina. <\/strong><strong>U suprotnom, du\u017eni ste pri sljede\u0107em dolasku platiti 50% iznosa tretmana za koji ste radili rezervaciju. <\/strong><\/p>\n<p style=\"text-align: center;\"><strong>Poklon bonovi koji ne budu na vrijeme otkazani, smatrat \u0107e se iskori\u0161tenima. <\/strong><\/p>\n<p style=\"text-align: center;\"><strong>Svima koji se ne budu pona\u0161ali u skladu sa gore navedenim bit \u0107e uskra\u0107eno pravo daljnjih rezervacija. <\/strong><\/p>\n<p style=\"text-align: center;\"><strong>Sve pritu\u017ebe na na\u0161e proizvode i usluge mo\u017eete uputiti pismenim putem na e-mail adresu: davor@khao-sun.hr<\/strong><\/p>\n<\/div>\n<\/div><\/div>\n<\/div>\n<\/div>\n<\/div>\n<\/div>\n<\/div>\n\n","protected":false},"excerpt":{"rendered":"","protected":false},"author":1,"featured_media":0,"parent":0,"menu_order":0,"comment_status":"closed","ping_status":"closed","template":"","meta":{"footnotes":""},"class_list":["post-11843","page","type-page","status-publish","hentry"],"yoast_head":"<!-- This site is optimized with the Yoast SEO plugin v27.4 - https:\/\/yoast.com\/product\/yoast-seo-wordpress\/ -->\n<title>Rezervacija - Khao Sun<\/title>\n<meta name=\"robots\" content=\"index, follow, max-snippet:-1, max-image-preview:large, max-video-preview:-1\" \/>\n<link rel=\"canonical\" href=\"https:\/\/khao-sun.hr\/hr\/online-booking\/\" \/>\n<meta property=\"og:locale\" content=\"hr_HR\" \/>\n<meta property=\"og:type\" content=\"article\" \/>\n<meta property=\"og:title\" content=\"Rezervacija - Khao Sun\" \/>\n<meta property=\"og:url\" content=\"https:\/\/khao-sun.hr\/hr\/online-booking\/\" \/>\n<meta property=\"og:site_name\" content=\"Khao Sun\" \/>\n<meta property=\"article:modified_time\" content=\"2025-12-10T14:58:45+00:00\" \/>\n<meta name=\"twitter:card\" content=\"summary_large_image\" \/>\n<meta name=\"twitter:label1\" content=\"Est. reading time\" \/>\n\t<meta name=\"twitter:data1\" content=\"4 minutes\" \/>\n<script type=\"application\/ld+json\" class=\"yoast-schema-graph\">{\"@context\":\"https:\\\/\\\/schema.org\",\"@graph\":[{\"@type\":\"WebPage\",\"@id\":\"https:\\\/\\\/khao-sun.hr\\\/hr\\\/online-booking\\\/\",\"url\":\"https:\\\/\\\/khao-sun.hr\\\/hr\\\/online-booking\\\/\",\"name\":\"Rezervacija - Khao Sun\",\"isPartOf\":{\"@id\":\"https:\\\/\\\/khao-sun.hr\\\/hr\\\/#website\"},\"datePublished\":\"2016-06-24T11:34:58+00:00\",\"dateModified\":\"2025-12-10T14:58:45+00:00\",\"breadcrumb\":{\"@id\":\"https:\\\/\\\/khao-sun.hr\\\/hr\\\/online-booking\\\/#breadcrumb\"},\"inLanguage\":\"hr-HR\",\"potentialAction\":[{\"@type\":\"ReadAction\",\"target\":[\"https:\\\/\\\/khao-sun.hr\\\/hr\\\/online-booking\\\/\"]}]},{\"@type\":\"BreadcrumbList\",\"@id\":\"https:\\\/\\\/khao-sun.hr\\\/hr\\\/online-booking\\\/#breadcrumb\",\"itemListElement\":[{\"@type\":\"ListItem\",\"position\":1,\"name\":\"Home\",\"item\":\"https:\\\/\\\/khao-sun.hr\\\/hr\\\/\"},{\"@type\":\"ListItem\",\"position\":2,\"name\":\"Rezervacija\"}]},{\"@type\":\"WebSite\",\"@id\":\"https:\\\/\\\/khao-sun.hr\\\/hr\\\/#website\",\"url\":\"https:\\\/\\\/khao-sun.hr\\\/hr\\\/\",\"name\":\"Khao Sun\",\"description\":\"Va\u0161 komadi\u0107 Tajlanda u centru Rijeke\",\"potentialAction\":[{\"@type\":\"SearchAction\",\"target\":{\"@type\":\"EntryPoint\",\"urlTemplate\":\"https:\\\/\\\/khao-sun.hr\\\/hr\\\/?s={search_term_string}\"},\"query-input\":{\"@type\":\"PropertyValueSpecification\",\"valueRequired\":true,\"valueName\":\"search_term_string\"}}],\"inLanguage\":\"hr-HR\"}]}<\/script>\n<!-- \/ Yoast SEO plugin. -->","yoast_head_json":{"title":"Rezervacija - Khao Sun","robots":{"index":"index","follow":"follow","max-snippet":"max-snippet:-1","max-image-preview":"max-image-preview:large","max-video-preview":"max-video-preview:-1"},"canonical":"https:\/\/khao-sun.hr\/hr\/online-booking\/","og_locale":"hr_HR","og_type":"article","og_title":"Rezervacija - Khao Sun","og_url":"https:\/\/khao-sun.hr\/hr\/online-booking\/","og_site_name":"Khao Sun","article_modified_time":"2025-12-10T14:58:45+00:00","twitter_card":"summary_large_image","twitter_misc":{"Est. reading time":"4 minutes"},"schema":{"@context":"https:\/\/schema.org","@graph":[{"@type":"WebPage","@id":"https:\/\/khao-sun.hr\/hr\/online-booking\/","url":"https:\/\/khao-sun.hr\/hr\/online-booking\/","name":"Rezervacija - Khao Sun","isPartOf":{"@id":"https:\/\/khao-sun.hr\/hr\/#website"},"datePublished":"2016-06-24T11:34:58+00:00","dateModified":"2025-12-10T14:58:45+00:00","breadcrumb":{"@id":"https:\/\/khao-sun.hr\/hr\/online-booking\/#breadcrumb"},"inLanguage":"hr-HR","potentialAction":[{"@type":"ReadAction","target":["https:\/\/khao-sun.hr\/hr\/online-booking\/"]}]},{"@type":"BreadcrumbList","@id":"https:\/\/khao-sun.hr\/hr\/online-booking\/#breadcrumb","itemListElement":[{"@type":"ListItem","position":1,"name":"Home","item":"https:\/\/khao-sun.hr\/hr\/"},{"@type":"ListItem","position":2,"name":"Rezervacija"}]},{"@type":"WebSite","@id":"https:\/\/khao-sun.hr\/hr\/#website","url":"https:\/\/khao-sun.hr\/hr\/","name":"Khao Sun","description":"Va\u0161 komadi\u0107 Tajlanda u centru Rijeke","potentialAction":[{"@type":"SearchAction","target":{"@type":"EntryPoint","urlTemplate":"https:\/\/khao-sun.hr\/hr\/?s={search_term_string}"},"query-input":{"@type":"PropertyValueSpecification","valueRequired":true,"valueName":"search_term_string"}}],"inLanguage":"hr-HR"}]}},"_links":{"self":[{"href":"https:\/\/khao-sun.hr\/hr\/wp-json\/wp\/v2\/pages\/11843","targetHints":{"allow":["GET"]}}],"collection":[{"href":"https:\/\/khao-sun.hr\/hr\/wp-json\/wp\/v2\/pages"}],"about":[{"href":"https:\/\/khao-sun.hr\/hr\/wp-json\/wp\/v2\/types\/page"}],"author":[{"embeddable":true,"href":"https:\/\/khao-sun.hr\/hr\/wp-json\/wp\/v2\/users\/1"}],"replies":[{"embeddable":true,"href":"https:\/\/khao-sun.hr\/hr\/wp-json\/wp\/v2\/comments?post=11843"}],"version-history":[{"count":29,"href":"https:\/\/khao-sun.hr\/hr\/wp-json\/wp\/v2\/pages\/11843\/revisions"}],"predecessor-version":[{"id":16711,"href":"https:\/\/khao-sun.hr\/hr\/wp-json\/wp\/v2\/pages\/11843\/revisions\/16711"}],"wp:attachment":[{"href":"https:\/\/khao-sun.hr\/hr\/wp-json\/wp\/v2\/media?parent=11843"}],"curies":[{"name":"wp","href":"https:\/\/api.w.org\/{rel}","templated":true}]}}