{"id":16826,"date":"2025-12-12T16:47:12","date_gmt":"2025-12-12T15:47:12","guid":{"rendered":"https:\/\/khao-sun.hr\/impressum\/"},"modified":"2025-12-12T17:02:00","modified_gmt":"2025-12-12T16:02:00","slug":"impressum","status":"publish","type":"page","link":"https:\/\/khao-sun.hr\/de\/impressum\/","title":{"rendered":"Pravni podaci (impressum)"},"content":{"rendered":"<div id=\"cmsmasters_row_ozx6vvs0is\" class=\"cmsmasters_row cmsmasters_color_scheme_default cmsmasters_row_top_default cmsmasters_row_bot_default cmsmasters_row_boxed\">\n<div class=\"cmsmasters_row_outer_parent\">\n<div class=\"cmsmasters_row_outer\">\n<div class=\"cmsmasters_row_inner\">\n<div class=\"cmsmasters_row_margin\">\n<div id=\"cmsmasters_column_8gtirwc0yq\" class=\"cmsmasters_column one_first\">\n<div class=\"cmsmasters_column_inner\"><div class=\"cmsmasters_text\">\n<p>GRUNDINFORMATIONEN DES VERK\u00c4UFERS<\/p>\n<p>Name: Khao Sun DIENSTLEISTUNGSBETRIEB F\u00dcR SCH\u00d6NHEIT UND K\u00d6RPERPFLEGE, Inhaber: Davor Kopilovi\u0107<\/p>\n<p>Sitz: Slavi\u0161e Vajnera \u010ci\u010de 11, 51 000 Rijeka<\/p>\n<p>Salonadresse: Slavi\u0161e Vajnera \u010ci\u010de 11, 51 000 Rijeka<\/p>\n<p>MBS: 92165320<\/p>\n<p>Bank und IBAN: RAIFFEISENBANK AUSTRIA d.d., \u0110ure \u0160porera 2, Rijeka, HR6624840081102750645<\/p>\n<p>OIB: 55106236777<\/p>\n<p>Inhaber: Davor Kopilovi\u0107<\/p>\n<p>Telefon: +385 51 211 103<\/p>\n<p>E-Mail: rijeka@khao-sun.hr<\/p>\n<\/div>\n<\/div><\/div>\n<\/div>\n<\/div>\n<\/div>\n<\/div>\n<\/div>\n<div id=\"cmsmasters_row_3iazv4xneb\" class=\"cmsmasters_row cmsmasters_color_scheme_default cmsmasters_row_top_default cmsmasters_row_bot_default cmsmasters_row_fullwidth\">\n<div class=\"cmsmasters_row_outer_parent\">\n<div class=\"cmsmasters_row_outer\">\n<div class=\"cmsmasters_row_inner cmsmasters_row_fullwidth\">\n<div class=\"cmsmasters_row_margin\">\n<div id=\"cmsmasters_column_cjduy84udn\" class=\"cmsmasters_column one_fourth\">\n<div class=\"cmsmasters_column_inner\"><\/div><\/div>\n<div id=\"cmsmasters_column_mohkwam0p\" class=\"cmsmasters_column one_fourth\">\n<div class=\"cmsmasters_column_inner\"><div id=\"cmsmasters_heading_1rudxs1sob\" class=\"cmsmasters_heading_wrap cmsmasters_heading_align_center\">\n\t<h3 class=\"cmsmasters_heading\">TUN SIE DAS RICHTIGE F\u00dcR IHRE GESUNDHEIT<\/h3>\n<\/div>\n<\/div><\/div>\n<div id=\"cmsmasters_column_fs7w7nyi85\" class=\"cmsmasters_column one_fourth\">\n<div class=\"cmsmasters_column_inner\"><div id=\"cmsmasters_button_gohs5dxab8\" class=\"button_wrap\"><a href=\"https:\/\/khao-sun.hr\/de\/kontakt\/\" class=\"cmsmasters_button\"><span>TERMIN BUCHEN<\/span><\/a><\/div>\n<\/div><\/div>\n<div id=\"cmsmasters_column_oq0lo394sq\" class=\"cmsmasters_column one_fourth\">\n<div class=\"cmsmasters_column_inner\"><\/div><\/div>\n<\/div>\n<\/div>\n<\/div>\n<\/div>\n<\/div>\n\n","protected":false},"excerpt":{"rendered":"","protected":false},"author":1,"featured_media":0,"parent":0,"menu_order":0,"comment_status":"closed","ping_status":"closed","template":"","meta":{"footnotes":""},"class_list":["post-16826","page","type-page","status-publish","hentry"],"yoast_head":"<!-- This site is optimized with the Yoast SEO plugin v27.4 - https:\/\/yoast.com\/product\/yoast-seo-wordpress\/ -->\n<title>Pravni podaci (impressum) - Khao Sun<\/title>\n<meta name=\"robots\" content=\"index, follow, max-snippet:-1, max-image-preview:large, max-video-preview:-1\" \/>\n<link rel=\"canonical\" href=\"https:\/\/khao-sun.hr\/hr\/impressum\/\" \/>\n<meta property=\"og:locale\" content=\"de_DE\" \/>\n<meta property=\"og:type\" content=\"article\" \/>\n<meta property=\"og:title\" content=\"Pravni podaci (impressum) - Khao Sun\" \/>\n<meta property=\"og:url\" content=\"https:\/\/khao-sun.hr\/hr\/impressum\/\" \/>\n<meta property=\"og:site_name\" content=\"Khao Sun\" \/>\n<meta property=\"article:modified_time\" content=\"2025-12-12T16:02:00+00:00\" \/>\n<meta name=\"twitter:card\" content=\"summary_large_image\" \/>\n<meta name=\"twitter:label1\" content=\"Gesch\u00e4tzte Lesezeit\" \/>\n\t<meta name=\"twitter:data1\" content=\"2\u00a0Minuten\" \/>\n<script type=\"application\/ld+json\" class=\"yoast-schema-graph\">{\"@context\":\"https:\\\/\\\/schema.org\",\"@graph\":[{\"@type\":\"WebPage\",\"@id\":\"https:\\\/\\\/khao-sun.hr\\\/hr\\\/impressum\\\/\",\"url\":\"https:\\\/\\\/khao-sun.hr\\\/hr\\\/impressum\\\/\",\"name\":\"Pravni podaci (impressum) - Khao Sun\",\"isPartOf\":{\"@id\":\"https:\\\/\\\/khao-sun.hr\\\/hr\\\/#website\"},\"datePublished\":\"2025-12-12T15:47:12+00:00\",\"dateModified\":\"2025-12-12T16:02:00+00:00\",\"breadcrumb\":{\"@id\":\"https:\\\/\\\/khao-sun.hr\\\/hr\\\/impressum\\\/#breadcrumb\"},\"inLanguage\":\"de\",\"potentialAction\":[{\"@type\":\"ReadAction\",\"target\":[\"https:\\\/\\\/khao-sun.hr\\\/hr\\\/impressum\\\/\"]}]},{\"@type\":\"BreadcrumbList\",\"@id\":\"https:\\\/\\\/khao-sun.hr\\\/hr\\\/impressum\\\/#breadcrumb\",\"itemListElement\":[{\"@type\":\"ListItem\",\"position\":1,\"name\":\"Home\",\"item\":\"https:\\\/\\\/khao-sun.hr\\\/de\\\/\"},{\"@type\":\"ListItem\",\"position\":2,\"name\":\"Pravni podaci (impressum)\"}]},{\"@type\":\"WebSite\",\"@id\":\"https:\\\/\\\/khao-sun.hr\\\/hr\\\/#website\",\"url\":\"https:\\\/\\\/khao-sun.hr\\\/hr\\\/\",\"name\":\"Khao Sun\",\"description\":\"Va\u0161 komadi\u0107 Tajlanda u centru Rijeke\",\"potentialAction\":[{\"@type\":\"SearchAction\",\"target\":{\"@type\":\"EntryPoint\",\"urlTemplate\":\"https:\\\/\\\/khao-sun.hr\\\/hr\\\/?s={search_term_string}\"},\"query-input\":{\"@type\":\"PropertyValueSpecification\",\"valueRequired\":true,\"valueName\":\"search_term_string\"}}],\"inLanguage\":\"de\"}]}<\/script>\n<!-- \/ Yoast SEO plugin. -->","yoast_head_json":{"title":"Pravni podaci (impressum) - Khao Sun","robots":{"index":"index","follow":"follow","max-snippet":"max-snippet:-1","max-image-preview":"max-image-preview:large","max-video-preview":"max-video-preview:-1"},"canonical":"https:\/\/khao-sun.hr\/hr\/impressum\/","og_locale":"de_DE","og_type":"article","og_title":"Pravni podaci (impressum) - Khao Sun","og_url":"https:\/\/khao-sun.hr\/hr\/impressum\/","og_site_name":"Khao Sun","article_modified_time":"2025-12-12T16:02:00+00:00","twitter_card":"summary_large_image","twitter_misc":{"Gesch\u00e4tzte Lesezeit":"2\u00a0Minuten"},"schema":{"@context":"https:\/\/schema.org","@graph":[{"@type":"WebPage","@id":"https:\/\/khao-sun.hr\/hr\/impressum\/","url":"https:\/\/khao-sun.hr\/hr\/impressum\/","name":"Pravni podaci (impressum) - Khao Sun","isPartOf":{"@id":"https:\/\/khao-sun.hr\/hr\/#website"},"datePublished":"2025-12-12T15:47:12+00:00","dateModified":"2025-12-12T16:02:00+00:00","breadcrumb":{"@id":"https:\/\/khao-sun.hr\/hr\/impressum\/#breadcrumb"},"inLanguage":"de","potentialAction":[{"@type":"ReadAction","target":["https:\/\/khao-sun.hr\/hr\/impressum\/"]}]},{"@type":"BreadcrumbList","@id":"https:\/\/khao-sun.hr\/hr\/impressum\/#breadcrumb","itemListElement":[{"@type":"ListItem","position":1,"name":"Home","item":"https:\/\/khao-sun.hr\/de\/"},{"@type":"ListItem","position":2,"name":"Pravni podaci (impressum)"}]},{"@type":"WebSite","@id":"https:\/\/khao-sun.hr\/hr\/#website","url":"https:\/\/khao-sun.hr\/hr\/","name":"Khao Sun","description":"Va\u0161 komadi\u0107 Tajlanda u centru Rijeke","potentialAction":[{"@type":"SearchAction","target":{"@type":"EntryPoint","urlTemplate":"https:\/\/khao-sun.hr\/hr\/?s={search_term_string}"},"query-input":{"@type":"PropertyValueSpecification","valueRequired":true,"valueName":"search_term_string"}}],"inLanguage":"de"}]}},"_links":{"self":[{"href":"https:\/\/khao-sun.hr\/de\/wp-json\/wp\/v2\/pages\/16826","targetHints":{"allow":["GET"]}}],"collection":[{"href":"https:\/\/khao-sun.hr\/de\/wp-json\/wp\/v2\/pages"}],"about":[{"href":"https:\/\/khao-sun.hr\/de\/wp-json\/wp\/v2\/types\/page"}],"author":[{"embeddable":true,"href":"https:\/\/khao-sun.hr\/de\/wp-json\/wp\/v2\/users\/1"}],"replies":[{"embeddable":true,"href":"https:\/\/khao-sun.hr\/de\/wp-json\/wp\/v2\/comments?post=16826"}],"version-history":[{"count":5,"href":"https:\/\/khao-sun.hr\/de\/wp-json\/wp\/v2\/pages\/16826\/revisions"}],"predecessor-version":[{"id":16850,"href":"https:\/\/khao-sun.hr\/de\/wp-json\/wp\/v2\/pages\/16826\/revisions\/16850"}],"wp:attachment":[{"href":"https:\/\/khao-sun.hr\/de\/wp-json\/wp\/v2\/media?parent=16826"}],"curies":[{"name":"wp","href":"https:\/\/api.w.org\/{rel}","templated":true}]}}