{"id":14780,"date":"2018-05-28T22:24:47","date_gmt":"2018-05-28T21:24:47","guid":{"rendered":"http:\/\/khao-sun.hr\/?page_id=14780"},"modified":"2025-12-11T15:11:54","modified_gmt":"2025-12-11T14:11:54","slug":"kontakt","status":"publish","type":"page","link":"https:\/\/khao-sun.hr\/de\/kontakt\/","title":{"rendered":"Kontakt"},"content":{"rendered":"<div id=\"cmsmasters_row_qqhzwy41aw\" class=\"cmsmasters_row cmsmasters_color_scheme_default cmsmasters_row_top_default cmsmasters_row_bot_default cmsmasters_row_boxed\">\n<div class=\"cmsmasters_row_outer_parent\">\n<div class=\"cmsmasters_row_outer\">\n<div class=\"cmsmasters_row_inner\">\n<div class=\"cmsmasters_row_margin\">\n<div id=\"cmsmasters_column_h1clpw3xj\" class=\"cmsmasters_column one_first\">\n<div class=\"cmsmasters_column_inner\"><div id=\"cmsmasters_heading_2ulmozagv\" class=\"cmsmasters_heading_wrap cmsmasters_heading_align_center\">\n\t<h4 class=\"cmsmasters_heading\">09:00 &#8211; 22:00 | MONTAG &#8211; SAMSTAG<\/h4>\n<\/div><div id=\"cmsmasters_heading_9kqzjxtax\" class=\"cmsmasters_heading_wrap cmsmasters_heading_align_center\">\n\t<h2 class=\"cmsmasters_heading\">Wo finden Sie uns<\/h2>\n<\/div>\n<\/div><\/div>\n<\/div>\n<\/div>\n<\/div>\n<\/div>\n<\/div>\n<div id=\"cmsmasters_row_zozilyhy5\" class=\"cmsmasters_row cmsmasters_color_scheme_default cmsmasters_row_top_default cmsmasters_row_bot_default cmsmasters_row_boxed\">\n<div class=\"cmsmasters_row_outer_parent\">\n<div class=\"cmsmasters_row_outer\">\n<div class=\"cmsmasters_row_inner\">\n<div class=\"cmsmasters_row_margin\">\n<div id=\"cmsmasters_column_q6fkskivjg\" class=\"cmsmasters_column one_first\">\n<div class=\"cmsmasters_column_inner\"><div id=\"google_map_o6dzli6g3\" class=\"cmsmasters_google_map google_map\" data-latitude=\"45.330670\" data-longitude=\"14.436880\" data-maptype=\"HYBRID\" data-zoom=\"17\" data-scrollwheel=\"true\" data-doubleclickzoom=\"true\" data-pan-control=\"true\" data-zoom-control=\"true\" data-map-type-control=\"true\" data-scale-control=\"true\" data-street-view-control=\"true\" data-overview-map-control=\"true\" data-markers=\"latitude: 45.330670\/\/\/longitude: 14.436880\/\/\/html: Khao Sun Rijeka\/\/\/|||\"><\/div>\n<\/div><\/div>\n<\/div>\n<\/div>\n<\/div>\n<\/div>\n<\/div>\n<div id=\"cmsmasters_row_yd9cfadij\" class=\"cmsmasters_row cmsmasters_color_scheme_default cmsmasters_row_top_default cmsmasters_row_bot_default cmsmasters_row_boxed\">\n<div id=\"reservations\" class=\"cmsmasters_row_outer_parent\">\n<div class=\"cmsmasters_row_outer\">\n<div class=\"cmsmasters_row_inner\">\n<div class=\"cmsmasters_row_margin\">\n<div id=\"cmsmasters_column_a9vsm49zl\" class=\"cmsmasters_column one_half\">\n<div class=\"cmsmasters_column_inner\"><div id=\"cmsmasters_heading_rqwcuxjvm\" class=\"cmsmasters_heading_wrap cmsmasters_heading_align_left\">\n\t<h2 class=\"cmsmasters_heading\">INFORMATION<\/h2>\n<\/div>\n<div id=\"cmsmasters_divider_veomf5vvr9\" class=\"cmsmasters_divider cmsmasters_divider_width_short cmsmasters_divider_pos_left\"><\/div>\n<ul id=\"cmsmasters_icon_list_items_ngsbb3ocbf\" class=\"cmsmasters_icon_list_items cmsmasters_icon_list_type_list\"><li id=\"cmsmasters_icon_list_item_32fjtz742k\" class=\"cmsmasters_icon_list_item cmsmasters-icon-user-1\">Khao Sun Rijeka<\/li><li id=\"cmsmasters_icon_list_item_87j0r4uprp\" class=\"cmsmasters_icon_list_item cmsmasters-icon-location-1\">Ulica Slavi\u0161e Vajnera \u010ci\u010de 11<\/li><li id=\"cmsmasters_icon_list_item_94372sj54k\" class=\"cmsmasters_icon_list_item cmsmasters-icon-phone-1\"><a href=\"tel:+38551211103\">+385 51 211 103<\/a><\/li><li id=\"cmsmasters_icon_list_item_iutkfitj0s\" class=\"cmsmasters_icon_list_item cmsmasters-icon-mail-1\"><a href=\"mailto:davor@khao-sun.hr\">davor@khao-sun.hr <\/a><\/li><li id=\"cmsmasters_icon_list_item_cv1d5wv1ea\" class=\"cmsmasters_icon_list_item cmsmasters-icon-globe-1\"><a href=\"http:\/\/www.khao-sun.hr\/\">khao-sun.hr<\/a><\/li><li id=\"cmsmasters_icon_list_item_ensw7h8je\" class=\"cmsmasters_icon_list_item cmsmasters-icon-clock-1\">Montag - Samstag 09:00 - 22:00 <\/li><\/ul>\n<div id=\"cmsmasters_divider_pjaozlo5dd\" class=\"cl\"><\/div>\n<div class=\"cmsmasters_img  cmsmasters_image_l\"><a href=\"http:\/\/khao-sun.bot.hr\/wp-content\/uploads\/2018\/03\/04-resized.jpg\"><img decoding=\"async\" src=\"https:\/\/khao-sun.hr\/wp-content\/uploads\/2018\/03\/04-resized-360x360.jpg\" \/><\/a><\/div>\n<\/div><\/div>\n<div id=\"cmsmasters_column_kxkpyblruv\" class=\"cmsmasters_column one_half\">\n<div class=\"cmsmasters_column_inner\"><div id=\"cmsmasters_heading_u7h21euc7y\" class=\"cmsmasters_heading_wrap cmsmasters_heading_align_left\">\n\t<h2 class=\"cmsmasters_heading\">RESERVIERUNGEN UND ANFRAGEN<\/h2>\n<\/div>\n<div id=\"cmsmasters_divider_2x9p5jvt3b\" class=\"cmsmasters_divider cmsmasters_divider_width_short cmsmasters_divider_pos_left\"><\/div>\n<div class=\"cmsmasters_contact_form\">\n<div class=\"wpcf7 no-js\" id=\"wpcf7-f14815-o1\" lang=\"en-US\" dir=\"ltr\" data-wpcf7-id=\"14815\">\n<div class=\"screen-reader-response\"><p role=\"status\" aria-live=\"polite\" aria-atomic=\"true\"><\/p> <ul><\/ul><\/div>\n<form action=\"\/de\/wp-json\/wp\/v2\/pages\/14780#wpcf7-f14815-o1\" method=\"post\" class=\"wpcf7-form init\" aria-label=\"Contact form\" novalidate=\"novalidate\" data-status=\"init\">\n<fieldset class=\"hidden-fields-container\"><input type=\"hidden\" name=\"_wpcf7\" value=\"14815\" \/><input type=\"hidden\" name=\"_wpcf7_version\" value=\"6.1.5\" \/><input type=\"hidden\" name=\"_wpcf7_locale\" value=\"en_US\" \/><input type=\"hidden\" name=\"_wpcf7_unit_tag\" value=\"wpcf7-f14815-o1\" \/><input type=\"hidden\" name=\"_wpcf7_container_post\" value=\"0\" \/><input type=\"hidden\" name=\"_wpcf7_posted_data_hash\" value=\"\" \/><input type=\"hidden\" name=\"_cf7a__timestamp\" value=\"Qk1lWfJbAs9GqQc9wehaag==\" \/><input type=\"hidden\" name=\"_cf7a_version\" value=\"1.0\" \/><input type=\"hidden\" name=\"_cf7a_address\" value=\"\" \/><input type=\"hidden\" name=\"_cf7a_referer\" value=\"\" \/><input type=\"hidden\" name=\"_cf7a_protocol\" value=\"\" \/><input type=\"hidden\" name=\"_cf7a_bot_fingerprint\" value=\"Qk1lWfJbAs9GqQc9wehaag==\" \/>\n<\/fieldset>\n<p><label> Name (erforderlich)<br \/>\n<span class=\"wpcf7-form-control-wrap\" data-name=\"your-name\"><input type=\"text\" name=\"name\" value=\"\" autocomplete=\"fill\" class=\"fit-the-fullspace\" aria-hidden=\"true\" tabindex=\"-1\" \/><input size=\"40\" maxlength=\"400\" class=\"wpcf7-form-control wpcf7-text wpcf7-validates-as-required\" aria-required=\"true\" aria-invalid=\"false\" value=\"\" type=\"text\" name=\"your-name\" \/><\/span> <\/label>\n<\/p>\n<p><label> Nachname<br \/>\n<span class=\"wpcf7-form-control-wrap\" data-name=\"your-surname\"><input size=\"40\" maxlength=\"400\" class=\"wpcf7-form-control wpcf7-text\" aria-invalid=\"false\" value=\"\" type=\"text\" name=\"your-surname\" \/><input type=\"text\" name=\"email\" value=\"\" autocomplete=\"fill\" class=\"fit-the-fullspace\" aria-hidden=\"true\" tabindex=\"-1\" \/><\/span> <\/label>\n<\/p>\n<p><label> Telefonnummer<br \/>\n<span class=\"wpcf7-form-control-wrap\" data-name=\"tel-531\"><input size=\"40\" maxlength=\"400\" class=\"wpcf7-form-control wpcf7-tel wpcf7-text wpcf7-validates-as-tel\" id=\"phone\" aria-invalid=\"false\" value=\"\" type=\"tel\" name=\"tel-531\" \/><\/span> <\/label>\n<\/p>\n<p><label> E-mail (erforderlich)<br \/>\n<span class=\"wpcf7-form-control-wrap\" data-name=\"your-email\"><input size=\"40\" maxlength=\"400\" class=\"wpcf7-form-control wpcf7-email wpcf7-validates-as-required wpcf7-text wpcf7-validates-as-email\" aria-required=\"true\" aria-invalid=\"false\" value=\"\" type=\"email\" name=\"your-email\" \/><\/span> <\/label>\n<\/p>\n<p><label> Ankunftsdatum<br \/>\n<span class=\"wpcf7-form-control-wrap\" data-name=\"date-736\"><input class=\"wpcf7-form-control wpcf7-date wpcf7-validates-as-date\" aria-invalid=\"false\" value=\"\" type=\"date\" name=\"date-736\" \/><\/span> <\/label>\n<\/p>\n<p><label> Ankunftszeit<br \/>\n<span class=\"wpcf7-form-control-wrap\" data-name=\"menu-887\"><select class=\"wpcf7-form-control wpcf7-select\" aria-invalid=\"false\" name=\"menu-887\"><option value=\"nicht gew\u00e4hlt\">nicht gew\u00e4hlt<\/option><option value=\"09:00\">09:00<\/option><option value=\"09:30\">09:30<\/option><option value=\"10:00\">10:00<\/option><option value=\"10:30\">10:30<\/option><option value=\"11:00\">11:00<\/option><option value=\"11:30\">11:30<\/option><option value=\"12:00\">12:00<\/option><option value=\"12:30\">12:30<\/option><option value=\"13:00\">13:00<\/option><option value=\"13:30\">13:30<\/option><option value=\"14:00\">14:00<\/option><option value=\"14:30\">14:30<\/option><option value=\"15:00\">15:00<\/option><option value=\"15:30\">15:30<\/option><option value=\"16:00\">16:00<\/option><option value=\"16:30\">16:30<\/option><option value=\"17:00\">17:00<\/option><option value=\"17:30\">17:30<\/option><option value=\"18:00\">18:00<\/option><option value=\"18:30\">18:30<\/option><option value=\"19:00\">19:00<\/option><option value=\"19:30\">19:30<\/option><option value=\"20:00\">20:00<\/option><option value=\"20:30\">20:30<\/option><option value=\"21:00\">21:00<\/option><option value=\"21:30\">21:30<\/option><\/select><\/span> <\/label>\n<\/p>\n<p><label> Dienst der Wahl (erforderlich) <span class=\"wpcf7-form-control-wrap\" data-name=\"menu-961\"><select class=\"wpcf7-form-control wpcf7-select big-select\" aria-invalid=\"false\" name=\"menu-961\"><option value=\"nicht gew\u00e4hlt\">nicht gew\u00e4hlt<\/option><option value=\"TRADITIONELL THAI MASSAGE (50 MIN.)\">TRADITIONELL THAI MASSAGE (50 MIN.)<\/option><option value=\"TRADITIONELL THAI MASSAGE (80 MIN.)\">TRADITIONELL THAI MASSAGE (80 MIN.)<\/option><option value=\"TRADITIONELL MIT WARMEN UMSCHLAGEN (50 MIN.)\">TRADITIONELL MIT WARMEN UMSCHLAGEN (50 MIN.)<\/option><option value=\"TRADITIONELL MIT WARMEN UMSCHLAGEN (80 MIN.)\">TRADITIONELL MIT WARMEN UMSCHLAGEN (80 MIN.)<\/option><option value=\"MASSAGE MIT AUSGEW\u00c4HLTEN \u00c4THERISCHEN \u00d6LEN (50 MIN.)\">MASSAGE MIT AUSGEW\u00c4HLTEN \u00c4THERISCHEN \u00d6LEN (50 MIN.)<\/option><option value=\"MASSAGE MIT AUSGEW\u00c4HLTEN \u00c4THERISCHEN \u00d6LEN (80 MIN.)\">MASSAGE MIT AUSGEW\u00c4HLTEN \u00c4THERISCHEN \u00d6LEN (80 MIN.)<\/option><option value=\"MASSAGE MIT \u00c4THERISCHEN \u00d6LEN MIT EDELSTAHL VERSTELLBAR (50 MIN.)\">MASSAGE MIT \u00c4THERISCHEN \u00d6LEN MIT EDELSTAHL VERSTELLBAR (50 MIN.)<\/option><option value=\"MASSAGE MIT \u00c4THERISCHEN \u00d6LEN MIT EDELSTAHL VERSTELLBAR (80 MIN.)\">MASSAGE MIT \u00c4THERISCHEN \u00d6LEN MIT EDELSTAHL VERSTELLBAR (80 MIN.)<\/option><option value=\"LOMI- LOMI\">LOMI- LOMI<\/option><option value=\"ORIENTALE FUSSMASSAGE\">ORIENTALE FUSSMASSAGE<\/option><option value=\"ORIENTALE HAND UND FUSSMASSAGE\">ORIENTALE HAND UND FUSSMASSAGE<\/option><option value=\"ANTISTRES MASSAGE\">ANTISTRES MASSAGE<\/option><option value=\"RELAX MASSAGE\">RELAX MASSAGE<\/option><option value=\"GESICHTSMASSAGE NACH HAUTTYP ANGEPASST\">GESICHTSMASSAGE NACH HAUTTYP ANGEPASST<\/option><option value=\"OPIUM\">OPIUM<\/option><option value=\"EUFORIA\">EUFORIA<\/option><option value=\"ORIENTALISCHE MISCHUNG\">ORIENTALISCHE MISCHUNG<\/option><option value=\"VITAL\">VITAL<\/option><option value=\"HARMONY\">HARMONY<\/option><option value=\"KHAO SUN\">KHAO SUN<\/option><option value=\"BALANCE\">BALANCE<\/option><option value=\"ANTICELLULIT PROGRAMM 7+1\">ANTICELLULIT PROGRAMM 7+1<\/option><option value=\"ANTICELLULIT PROGRAMM 10+1\">ANTICELLULIT PROGRAMM 10+1<\/option><option value=\"ANTICELLULIT-PROGRAMM MIT PILING 7+1\">ANTICELLULIT-PROGRAMM MIT PILING 7+1<\/option><option value=\"ANTICELLULIT-PROGRAMM MIT PILING 10 + 1\">ANTICELLULIT-PROGRAMM MIT PILING 10 + 1<\/option><option value=\"REVITAL MASSAGE VON KOPF,FUESSE UND BEINE\">REVITAL MASSAGE VON KOPF,FUESSE UND BEINE<\/option><option value=\"HOT STONE\">HOT STONE<\/option><option value=\"BACKPAINRELIEF R\u00dcKENSCHMERZENTHERAPIE\">BACKPAINRELIEF R\u00dcKENSCHMERZENTHERAPIE<\/option><option value=\"R\u00dcKENSCHMERZENTHERAPIE KOPFMASSAGE\">R\u00dcKENSCHMERZENTHERAPIE KOPFMASSAGE<\/option><option value=\"THAI-MASSAGE MIT AUSGEW\u00c4HLTEN AETHERISCHEN \u00d6LEN MIT PILING\">THAI-MASSAGE MIT AUSGEW\u00c4HLTEN AETHERISCHEN \u00d6LEN MIT PILING<\/option><option value=\"TRADITIONELLE THAI-MASSAGE MIT PILING\">TRADITIONELLE THAI-MASSAGE MIT PILING<\/option><option value=\"ERHOLENDE FUSS-MASSAGE MIT PEELING UND KOPF-MASSAGE\">ERHOLENDE FUSS-MASSAGE MIT PEELING UND KOPF-MASSAGE<\/option><option value=\"GANZKOERPER PEELING (KEINE MASSAGE) - 40 min\">GANZKOERPER PEELING (KEINE MASSAGE) - 40 min<\/option><option value=\"FUSS- UND BEIN-PEELING (KEINE MASSAGE) - 20 min\">FUSS- UND BEIN-PEELING (KEINE MASSAGE) - 20 min<\/option><\/select><\/span><br \/>\n<\/label>\n<\/p>\n<p><label> Nachricht<br \/>\n<span class=\"wpcf7-form-control-wrap\" data-name=\"your-message\"><textarea cols=\"40\" rows=\"10\" maxlength=\"2000\" class=\"wpcf7-form-control wpcf7-textarea\" aria-invalid=\"false\" name=\"your-message\"><\/textarea><\/span> <\/label>\n<\/p>\n<p><input class=\"wpcf7-form-control wpcf7-submit has-spinner\" type=\"submit\" value=\"Senden\" \/>\n<\/p><div class=\"wpcf7-response-output\" aria-hidden=\"true\"><\/div>\n<\/form>\n<\/div>\n<\/div>\n<\/div><\/div>\n<\/div>\n<\/div>\n<\/div>\n<\/div>\n<\/div>\n<div id=\"cmsmasters_row_u8992psg3\" class=\"cmsmasters_row cmsmasters_color_scheme_default cmsmasters_row_top_default cmsmasters_row_bot_default cmsmasters_row_boxed\">\n<div class=\"cmsmasters_row_outer_parent\">\n<div class=\"cmsmasters_row_outer\">\n<div class=\"cmsmasters_row_inner\">\n<div class=\"cmsmasters_row_margin\">\n<div id=\"cmsmasters_column_ul627vmwil\" class=\"cmsmasters_column one_first\">\n<div class=\"cmsmasters_column_inner\"><div class=\"cmsmasters_text\">\n<h3 style=\"text-align: center;\"><strong><span title=\"\">HINWEIS: Alle Preise verstehen sich inklusive Mehrwertsteuer.<\/span><\/strong><br \/>\n<strong><span title=\"\">Die oben genannten Behandlungskosten gelten f\u00fcr Barzahlung.<\/span> <span class=\"\" title=\"\">Wenn Behandlungen mit Karten bezahlt werden, erh\u00f6ht sich der Behandlungspreis um 10%.<\/span><\/strong><\/h3>\n<\/div>\n<\/div><\/div>\n<\/div>\n<\/div>\n<\/div>\n<\/div>\n<\/div>\n\n","protected":false},"excerpt":{"rendered":"","protected":false},"author":1,"featured_media":0,"parent":0,"menu_order":0,"comment_status":"closed","ping_status":"closed","template":"","meta":{"footnotes":""},"class_list":["post-14780","page","type-page","status-publish","hentry"],"yoast_head":"<!-- This site is optimized with the Yoast SEO plugin v27.3 - https:\/\/yoast.com\/product\/yoast-seo-wordpress\/ -->\n<title>Kontakt - Khao Sun<\/title>\n<meta name=\"robots\" content=\"index, follow, max-snippet:-1, max-image-preview:large, max-video-preview:-1\" \/>\n<link rel=\"canonical\" href=\"https:\/\/khao-sun.hr\/hr\/contacts\/\" \/>\n<meta property=\"og:locale\" content=\"de_DE\" \/>\n<meta property=\"og:type\" content=\"article\" \/>\n<meta property=\"og:title\" content=\"Kontakt - Khao Sun\" \/>\n<meta property=\"og:url\" content=\"https:\/\/khao-sun.hr\/hr\/contacts\/\" \/>\n<meta property=\"og:site_name\" content=\"Khao Sun\" \/>\n<meta property=\"article:modified_time\" content=\"2025-12-11T14:11:54+00:00\" \/>\n<meta name=\"twitter:card\" content=\"summary_large_image\" \/>\n<meta name=\"twitter:label1\" content=\"Gesch\u00e4tzte Lesezeit\" \/>\n\t<meta name=\"twitter:data1\" content=\"4\u00a0Minuten\" \/>\n<script type=\"application\/ld+json\" class=\"yoast-schema-graph\">{\"@context\":\"https:\\\/\\\/schema.org\",\"@graph\":[{\"@type\":\"WebPage\",\"@id\":\"https:\\\/\\\/khao-sun.hr\\\/hr\\\/contacts\\\/\",\"url\":\"https:\\\/\\\/khao-sun.hr\\\/hr\\\/contacts\\\/\",\"name\":\"Kontakt - Khao Sun\",\"isPartOf\":{\"@id\":\"https:\\\/\\\/khao-sun.hr\\\/hr\\\/#website\"},\"datePublished\":\"2018-05-28T21:24:47+00:00\",\"dateModified\":\"2025-12-11T14:11:54+00:00\",\"breadcrumb\":{\"@id\":\"https:\\\/\\\/khao-sun.hr\\\/hr\\\/contacts\\\/#breadcrumb\"},\"inLanguage\":\"de\",\"potentialAction\":[{\"@type\":\"ReadAction\",\"target\":[\"https:\\\/\\\/khao-sun.hr\\\/hr\\\/contacts\\\/\"]}]},{\"@type\":\"BreadcrumbList\",\"@id\":\"https:\\\/\\\/khao-sun.hr\\\/hr\\\/contacts\\\/#breadcrumb\",\"itemListElement\":[{\"@type\":\"ListItem\",\"position\":1,\"name\":\"Home\",\"item\":\"https:\\\/\\\/khao-sun.hr\\\/de\\\/\"},{\"@type\":\"ListItem\",\"position\":2,\"name\":\"Kontakt\"}]},{\"@type\":\"WebSite\",\"@id\":\"https:\\\/\\\/khao-sun.hr\\\/hr\\\/#website\",\"url\":\"https:\\\/\\\/khao-sun.hr\\\/hr\\\/\",\"name\":\"Khao Sun\",\"description\":\"Va\u0161 komadi\u0107 Tajlanda u centru Rijeke\",\"potentialAction\":[{\"@type\":\"SearchAction\",\"target\":{\"@type\":\"EntryPoint\",\"urlTemplate\":\"https:\\\/\\\/khao-sun.hr\\\/hr\\\/?s={search_term_string}\"},\"query-input\":{\"@type\":\"PropertyValueSpecification\",\"valueRequired\":true,\"valueName\":\"search_term_string\"}}],\"inLanguage\":\"de\"}]}<\/script>\n<!-- \/ Yoast SEO plugin. -->","yoast_head_json":{"title":"Kontakt - Khao Sun","robots":{"index":"index","follow":"follow","max-snippet":"max-snippet:-1","max-image-preview":"max-image-preview:large","max-video-preview":"max-video-preview:-1"},"canonical":"https:\/\/khao-sun.hr\/hr\/contacts\/","og_locale":"de_DE","og_type":"article","og_title":"Kontakt - Khao Sun","og_url":"https:\/\/khao-sun.hr\/hr\/contacts\/","og_site_name":"Khao Sun","article_modified_time":"2025-12-11T14:11:54+00:00","twitter_card":"summary_large_image","twitter_misc":{"Gesch\u00e4tzte Lesezeit":"4\u00a0Minuten"},"schema":{"@context":"https:\/\/schema.org","@graph":[{"@type":"WebPage","@id":"https:\/\/khao-sun.hr\/hr\/contacts\/","url":"https:\/\/khao-sun.hr\/hr\/contacts\/","name":"Kontakt - Khao Sun","isPartOf":{"@id":"https:\/\/khao-sun.hr\/hr\/#website"},"datePublished":"2018-05-28T21:24:47+00:00","dateModified":"2025-12-11T14:11:54+00:00","breadcrumb":{"@id":"https:\/\/khao-sun.hr\/hr\/contacts\/#breadcrumb"},"inLanguage":"de","potentialAction":[{"@type":"ReadAction","target":["https:\/\/khao-sun.hr\/hr\/contacts\/"]}]},{"@type":"BreadcrumbList","@id":"https:\/\/khao-sun.hr\/hr\/contacts\/#breadcrumb","itemListElement":[{"@type":"ListItem","position":1,"name":"Home","item":"https:\/\/khao-sun.hr\/de\/"},{"@type":"ListItem","position":2,"name":"Kontakt"}]},{"@type":"WebSite","@id":"https:\/\/khao-sun.hr\/hr\/#website","url":"https:\/\/khao-sun.hr\/hr\/","name":"Khao Sun","description":"Va\u0161 komadi\u0107 Tajlanda u centru Rijeke","potentialAction":[{"@type":"SearchAction","target":{"@type":"EntryPoint","urlTemplate":"https:\/\/khao-sun.hr\/hr\/?s={search_term_string}"},"query-input":{"@type":"PropertyValueSpecification","valueRequired":true,"valueName":"search_term_string"}}],"inLanguage":"de"}]}},"_links":{"self":[{"href":"https:\/\/khao-sun.hr\/de\/wp-json\/wp\/v2\/pages\/14780","targetHints":{"allow":["GET"]}}],"collection":[{"href":"https:\/\/khao-sun.hr\/de\/wp-json\/wp\/v2\/pages"}],"about":[{"href":"https:\/\/khao-sun.hr\/de\/wp-json\/wp\/v2\/types\/page"}],"author":[{"embeddable":true,"href":"https:\/\/khao-sun.hr\/de\/wp-json\/wp\/v2\/users\/1"}],"replies":[{"embeddable":true,"href":"https:\/\/khao-sun.hr\/de\/wp-json\/wp\/v2\/comments?post=14780"}],"version-history":[{"count":10,"href":"https:\/\/khao-sun.hr\/de\/wp-json\/wp\/v2\/pages\/14780\/revisions"}],"predecessor-version":[{"id":16776,"href":"https:\/\/khao-sun.hr\/de\/wp-json\/wp\/v2\/pages\/14780\/revisions\/16776"}],"wp:attachment":[{"href":"https:\/\/khao-sun.hr\/de\/wp-json\/wp\/v2\/media?parent=14780"}],"curies":[{"name":"wp","href":"https:\/\/api.w.org\/{rel}","templated":true}]}}