{"id":14776,"date":"2018-05-28T22:17:36","date_gmt":"2018-05-28T21:17:36","guid":{"rendered":"http:\/\/khao-sun.hr\/?page_id=14776"},"modified":"2025-12-12T16:39:27","modified_gmt":"2025-12-12T15:39:27","slug":"galerie","status":"publish","type":"page","link":"https:\/\/khao-sun.hr\/de\/galerie\/","title":{"rendered":"Galerie"},"content":{"rendered":"<div id=\"cmsmasters_row_ecc82422f7\" class=\"cmsmasters_row cmsmasters_color_scheme_default cmsmasters_row_top_default cmsmasters_row_bot_default cmsmasters_row_boxed\">\n<div class=\"cmsmasters_row_outer_parent\">\n<div class=\"cmsmasters_row_outer\">\n<div class=\"cmsmasters_row_inner\">\n<div class=\"cmsmasters_row_margin\">\n<div id=\"cmsmasters_column_\" class=\"cmsmasters_column one_first\">\n<div class=\"cmsmasters_column_inner\"><div id=\"cmsmasters_heading_22358e0d7c\" class=\"cmsmasters_heading_wrap cmsmasters_heading_align_center\">\n\t<h2 class=\"cmsmasters_heading\">Bildergalerie<\/h2>\n<\/div><div class=\"cmsmasters_text\">\n<p style=\"text-align: center;\" data-start=\"797\" data-end=\"1492\">Im Khao Sun Zentrum bieten wir verschiedene Arten traditioneller Thai-Massagen an \u2013 jede mit einem gemeinsamen Ziel: Ihre vollst\u00e4ndige Entspannung.<br \/>\n<br data-start=\"944\" data-end=\"947\" \/>Traditionelle Thai-Massage \u2013 tiefes Dehnen und Druck, der Verspannungen l\u00f6st, die Beweglichkeit verbessert und dem K\u00f6rper neue Vitalit\u00e4t verleiht.<br data-start=\"1093\" data-end=\"1096\" \/>Aromatische \u00d6l-Massage \u2013 beruhigt das Nervensystem, reduziert Stress und vermittelt ein Gef\u00fchl von Leichtigkeit und W\u00e4rme.<br data-start=\"1218\" data-end=\"1221\" \/>Therapeutische Massage \u2013 wirkt gezielt auf Muskelverspannungen, f\u00f6rdert die Durchblutung und unterst\u00fctzt die Regeneration des K\u00f6rpers.<br \/>\n<br data-start=\"1355\" data-end=\"1358\" \/>Welche passt zu Ihrem aktuellen Rhythmus?<br data-start=\"1399\" data-end=\"1402\" \/>Entdecken Sie alle Massagearten in unserem Salon in Rijeka: <a class=\"decorated-link\" href=\"https:\/\/khao-sun.hr\/hr\/usluge\/\" target=\"_new\" rel=\"noopener\" data-start=\"1462\" data-end=\"1492\">https:\/\/khao-sun.hr\/de\/usluge\/<\/a><\/p>\n<p style=\"text-align: center;\" data-start=\"1494\" data-end=\"1554\">Khao Sun \u2013 traditionelle thail\u00e4ndische medizinische Massage.<\/p>\n<\/div>\n<div id=\"cmsmasters_gallery_c091607ac8\" class=\"cmsmasters_gallery_wrap\" data-type=\"grid\" data-count=\"0\"><ul class=\"cmsmasters_gallery cmsmasters_3 cmsmasters_more_items_loader\"><li class=\"cmsmasters_gallery_item\"><figure><a href=\"https:\/\/khao-sun.hr\/wp-content\/uploads\/2018\/03\/01-resized.jpg\" rel=\"ilightbox[c091607ac8]\"><img loading=\"lazy\" decoding=\"async\" width=\"828\" height=\"540\" src=\"https:\/\/khao-sun.hr\/wp-content\/uploads\/2018\/03\/01-resized.jpg\" class=\"attachment-post-thumbnail size-post-thumbnail\" alt=\"\" srcset=\"https:\/\/khao-sun.hr\/wp-content\/uploads\/2018\/03\/01-resized.jpg 828w, https:\/\/khao-sun.hr\/wp-content\/uploads\/2018\/03\/01-resized-300x196.jpg 300w, https:\/\/khao-sun.hr\/wp-content\/uploads\/2018\/03\/01-resized-768x501.jpg 768w, https:\/\/khao-sun.hr\/wp-content\/uploads\/2018\/03\/01-resized-600x391.jpg 600w\" sizes=\"auto, (max-width: 828px) 100vw, 828px\" \/><\/a><\/figure><\/li><li class=\"cmsmasters_gallery_item\"><figure><a href=\"https:\/\/khao-sun.hr\/wp-content\/uploads\/2018\/03\/04-resized.jpg\" rel=\"ilightbox[c091607ac8]\"><img loading=\"lazy\" decoding=\"async\" width=\"828\" height=\"540\" src=\"https:\/\/khao-sun.hr\/wp-content\/uploads\/2018\/03\/04-resized.jpg\" class=\"attachment-post-thumbnail size-post-thumbnail\" alt=\"\" srcset=\"https:\/\/khao-sun.hr\/wp-content\/uploads\/2018\/03\/04-resized.jpg 828w, https:\/\/khao-sun.hr\/wp-content\/uploads\/2018\/03\/04-resized-300x196.jpg 300w, https:\/\/khao-sun.hr\/wp-content\/uploads\/2018\/03\/04-resized-768x501.jpg 768w, https:\/\/khao-sun.hr\/wp-content\/uploads\/2018\/03\/04-resized-600x391.jpg 600w\" sizes=\"auto, (max-width: 828px) 100vw, 828px\" \/><\/a><\/figure><\/li><li class=\"cmsmasters_gallery_item\"><figure><a href=\"https:\/\/khao-sun.hr\/wp-content\/uploads\/2018\/03\/07-resized.jpg\" rel=\"ilightbox[c091607ac8]\"><img loading=\"lazy\" decoding=\"async\" width=\"828\" height=\"540\" src=\"https:\/\/khao-sun.hr\/wp-content\/uploads\/2018\/03\/07-resized.jpg\" class=\"attachment-post-thumbnail size-post-thumbnail\" alt=\"\" srcset=\"https:\/\/khao-sun.hr\/wp-content\/uploads\/2018\/03\/07-resized.jpg 828w, https:\/\/khao-sun.hr\/wp-content\/uploads\/2018\/03\/07-resized-300x196.jpg 300w, https:\/\/khao-sun.hr\/wp-content\/uploads\/2018\/03\/07-resized-768x501.jpg 768w, https:\/\/khao-sun.hr\/wp-content\/uploads\/2018\/03\/07-resized-600x391.jpg 600w\" sizes=\"auto, (max-width: 828px) 100vw, 828px\" \/><\/a><\/figure><\/li><li class=\"cmsmasters_gallery_item\"><figure><a href=\"https:\/\/khao-sun.hr\/wp-content\/uploads\/2018\/03\/09-resized.jpg\" rel=\"ilightbox[c091607ac8]\"><img loading=\"lazy\" decoding=\"async\" width=\"828\" height=\"540\" src=\"https:\/\/khao-sun.hr\/wp-content\/uploads\/2018\/03\/09-resized.jpg\" class=\"attachment-post-thumbnail size-post-thumbnail\" alt=\"\" srcset=\"https:\/\/khao-sun.hr\/wp-content\/uploads\/2018\/03\/09-resized.jpg 828w, https:\/\/khao-sun.hr\/wp-content\/uploads\/2018\/03\/09-resized-300x196.jpg 300w, https:\/\/khao-sun.hr\/wp-content\/uploads\/2018\/03\/09-resized-768x501.jpg 768w, https:\/\/khao-sun.hr\/wp-content\/uploads\/2018\/03\/09-resized-600x391.jpg 600w\" sizes=\"auto, (max-width: 828px) 100vw, 828px\" \/><\/a><\/figure><\/li><li class=\"cmsmasters_gallery_item\"><figure><a href=\"https:\/\/khao-sun.hr\/wp-content\/uploads\/2018\/03\/10-resized.jpg\" rel=\"ilightbox[c091607ac8]\"><img loading=\"lazy\" decoding=\"async\" width=\"828\" height=\"540\" src=\"https:\/\/khao-sun.hr\/wp-content\/uploads\/2018\/03\/10-resized.jpg\" class=\"attachment-post-thumbnail size-post-thumbnail\" alt=\"\" srcset=\"https:\/\/khao-sun.hr\/wp-content\/uploads\/2018\/03\/10-resized.jpg 828w, https:\/\/khao-sun.hr\/wp-content\/uploads\/2018\/03\/10-resized-300x196.jpg 300w, https:\/\/khao-sun.hr\/wp-content\/uploads\/2018\/03\/10-resized-768x501.jpg 768w, https:\/\/khao-sun.hr\/wp-content\/uploads\/2018\/03\/10-resized-600x391.jpg 600w\" sizes=\"auto, (max-width: 828px) 100vw, 828px\" \/><\/a><\/figure><\/li><li class=\"cmsmasters_gallery_item\"><figure><a href=\"https:\/\/khao-sun.hr\/wp-content\/uploads\/2018\/03\/13-resized.jpg\" rel=\"ilightbox[c091607ac8]\"><img loading=\"lazy\" decoding=\"async\" width=\"828\" height=\"540\" src=\"https:\/\/khao-sun.hr\/wp-content\/uploads\/2018\/03\/13-resized.jpg\" class=\"attachment-post-thumbnail size-post-thumbnail\" alt=\"\" srcset=\"https:\/\/khao-sun.hr\/wp-content\/uploads\/2018\/03\/13-resized.jpg 828w, https:\/\/khao-sun.hr\/wp-content\/uploads\/2018\/03\/13-resized-300x196.jpg 300w, https:\/\/khao-sun.hr\/wp-content\/uploads\/2018\/03\/13-resized-768x501.jpg 768w, https:\/\/khao-sun.hr\/wp-content\/uploads\/2018\/03\/13-resized-600x391.jpg 600w\" sizes=\"auto, (max-width: 828px) 100vw, 828px\" \/><\/a><\/figure><\/li><li class=\"cmsmasters_gallery_item\"><figure><a href=\"https:\/\/khao-sun.hr\/wp-content\/uploads\/2018\/03\/15-resized.jpg\" rel=\"ilightbox[c091607ac8]\"><img loading=\"lazy\" decoding=\"async\" width=\"828\" height=\"540\" src=\"https:\/\/khao-sun.hr\/wp-content\/uploads\/2018\/03\/15-resized.jpg\" class=\"attachment-post-thumbnail size-post-thumbnail\" alt=\"\" srcset=\"https:\/\/khao-sun.hr\/wp-content\/uploads\/2018\/03\/15-resized.jpg 828w, https:\/\/khao-sun.hr\/wp-content\/uploads\/2018\/03\/15-resized-300x196.jpg 300w, https:\/\/khao-sun.hr\/wp-content\/uploads\/2018\/03\/15-resized-768x501.jpg 768w, https:\/\/khao-sun.hr\/wp-content\/uploads\/2018\/03\/15-resized-600x391.jpg 600w\" sizes=\"auto, (max-width: 828px) 100vw, 828px\" \/><\/a><\/figure><\/li><li class=\"cmsmasters_gallery_item\"><figure><a href=\"https:\/\/khao-sun.hr\/wp-content\/uploads\/2018\/03\/17-resized.jpg\" rel=\"ilightbox[c091607ac8]\"><img loading=\"lazy\" decoding=\"async\" width=\"828\" height=\"540\" src=\"https:\/\/khao-sun.hr\/wp-content\/uploads\/2018\/03\/17-resized.jpg\" class=\"attachment-post-thumbnail size-post-thumbnail\" alt=\"\" srcset=\"https:\/\/khao-sun.hr\/wp-content\/uploads\/2018\/03\/17-resized.jpg 828w, https:\/\/khao-sun.hr\/wp-content\/uploads\/2018\/03\/17-resized-300x196.jpg 300w, https:\/\/khao-sun.hr\/wp-content\/uploads\/2018\/03\/17-resized-768x501.jpg 768w, https:\/\/khao-sun.hr\/wp-content\/uploads\/2018\/03\/17-resized-600x391.jpg 600w\" sizes=\"auto, (max-width: 828px) 100vw, 828px\" \/><\/a><\/figure><\/li><li class=\"cmsmasters_gallery_item\"><figure><a href=\"https:\/\/khao-sun.hr\/wp-content\/uploads\/2018\/03\/20-resized.jpg\" rel=\"ilightbox[c091607ac8]\"><img loading=\"lazy\" decoding=\"async\" width=\"828\" height=\"540\" src=\"https:\/\/khao-sun.hr\/wp-content\/uploads\/2018\/03\/20-resized.jpg\" class=\"attachment-post-thumbnail size-post-thumbnail\" alt=\"\" srcset=\"https:\/\/khao-sun.hr\/wp-content\/uploads\/2018\/03\/20-resized.jpg 828w, https:\/\/khao-sun.hr\/wp-content\/uploads\/2018\/03\/20-resized-300x196.jpg 300w, https:\/\/khao-sun.hr\/wp-content\/uploads\/2018\/03\/20-resized-768x501.jpg 768w, https:\/\/khao-sun.hr\/wp-content\/uploads\/2018\/03\/20-resized-600x391.jpg 600w\" sizes=\"auto, (max-width: 828px) 100vw, 828px\" \/><\/a><\/figure><\/li><li class=\"cmsmasters_gallery_item\"><figure><a href=\"https:\/\/khao-sun.hr\/wp-content\/uploads\/2018\/03\/21-resized.jpg\" rel=\"ilightbox[c091607ac8]\"><img loading=\"lazy\" decoding=\"async\" width=\"828\" height=\"540\" src=\"https:\/\/khao-sun.hr\/wp-content\/uploads\/2018\/03\/21-resized.jpg\" class=\"attachment-post-thumbnail size-post-thumbnail\" alt=\"\" srcset=\"https:\/\/khao-sun.hr\/wp-content\/uploads\/2018\/03\/21-resized.jpg 828w, https:\/\/khao-sun.hr\/wp-content\/uploads\/2018\/03\/21-resized-300x196.jpg 300w, https:\/\/khao-sun.hr\/wp-content\/uploads\/2018\/03\/21-resized-768x501.jpg 768w, https:\/\/khao-sun.hr\/wp-content\/uploads\/2018\/03\/21-resized-600x391.jpg 600w\" sizes=\"auto, (max-width: 828px) 100vw, 828px\" \/><\/a><\/figure><\/li><li class=\"cmsmasters_gallery_item\"><figure><a href=\"https:\/\/khao-sun.hr\/wp-content\/uploads\/2018\/03\/24-resized.jpg\" rel=\"ilightbox[c091607ac8]\"><img loading=\"lazy\" decoding=\"async\" width=\"828\" height=\"540\" src=\"https:\/\/khao-sun.hr\/wp-content\/uploads\/2018\/03\/24-resized.jpg\" class=\"attachment-post-thumbnail size-post-thumbnail\" alt=\"\" srcset=\"https:\/\/khao-sun.hr\/wp-content\/uploads\/2018\/03\/24-resized.jpg 828w, https:\/\/khao-sun.hr\/wp-content\/uploads\/2018\/03\/24-resized-300x196.jpg 300w, https:\/\/khao-sun.hr\/wp-content\/uploads\/2018\/03\/24-resized-768x501.jpg 768w, https:\/\/khao-sun.hr\/wp-content\/uploads\/2018\/03\/24-resized-600x391.jpg 600w\" sizes=\"auto, (max-width: 828px) 100vw, 828px\" \/><\/a><\/figure><\/li><li class=\"cmsmasters_gallery_item\"><figure><a href=\"https:\/\/khao-sun.hr\/wp-content\/uploads\/2018\/03\/26-resized.jpg\" rel=\"ilightbox[c091607ac8]\"><img loading=\"lazy\" decoding=\"async\" width=\"828\" height=\"540\" src=\"https:\/\/khao-sun.hr\/wp-content\/uploads\/2018\/03\/26-resized.jpg\" class=\"attachment-post-thumbnail size-post-thumbnail\" alt=\"\" srcset=\"https:\/\/khao-sun.hr\/wp-content\/uploads\/2018\/03\/26-resized.jpg 828w, https:\/\/khao-sun.hr\/wp-content\/uploads\/2018\/03\/26-resized-300x196.jpg 300w, https:\/\/khao-sun.hr\/wp-content\/uploads\/2018\/03\/26-resized-768x501.jpg 768w, https:\/\/khao-sun.hr\/wp-content\/uploads\/2018\/03\/26-resized-600x391.jpg 600w\" sizes=\"auto, (max-width: 828px) 100vw, 828px\" \/><\/a><\/figure><\/li><li class=\"cmsmasters_gallery_item\"><figure><a href=\"https:\/\/khao-sun.hr\/wp-content\/uploads\/2018\/03\/Khao-Sun-Sergej-Drechsler-030.jpg\" rel=\"ilightbox[c091607ac8]\"><img loading=\"lazy\" decoding=\"async\" width=\"860\" height=\"560\" src=\"https:\/\/khao-sun.hr\/wp-content\/uploads\/2018\/03\/Khao-Sun-Sergej-Drechsler-030-860x560.jpg\" class=\"attachment-post-thumbnail size-post-thumbnail\" alt=\"\" \/><\/a><\/figure><\/li><li class=\"cmsmasters_gallery_item\"><figure><a href=\"https:\/\/khao-sun.hr\/wp-content\/uploads\/2018\/03\/Khao-Sun-Sergej-Drechsler-070-e1521566647714.jpg\" rel=\"ilightbox[c091607ac8]\"><img loading=\"lazy\" decoding=\"async\" width=\"860\" height=\"560\" src=\"https:\/\/khao-sun.hr\/wp-content\/uploads\/2018\/03\/Khao-Sun-Sergej-Drechsler-070-860x560.jpg\" class=\"attachment-post-thumbnail size-post-thumbnail\" alt=\"\" \/><\/a><\/figure><\/li><li class=\"cmsmasters_gallery_item\"><figure><a href=\"https:\/\/khao-sun.hr\/wp-content\/uploads\/2023\/10\/IMG_3386.jpg\" rel=\"ilightbox[c091607ac8]\"><img loading=\"lazy\" decoding=\"async\" width=\"860\" height=\"560\" src=\"https:\/\/khao-sun.hr\/wp-content\/uploads\/2023\/10\/IMG_3386-860x560.jpg\" class=\"attachment-post-thumbnail size-post-thumbnail\" alt=\"\" \/><\/a><\/figure><\/li><li class=\"cmsmasters_gallery_item\"><figure><a href=\"https:\/\/khao-sun.hr\/wp-content\/uploads\/2023\/10\/IMG_3383.jpg\" rel=\"ilightbox[c091607ac8]\"><img loading=\"lazy\" decoding=\"async\" width=\"860\" height=\"560\" src=\"https:\/\/khao-sun.hr\/wp-content\/uploads\/2023\/10\/IMG_3383-860x560.jpg\" class=\"attachment-post-thumbnail size-post-thumbnail\" alt=\"\" \/><\/a><\/figure><\/li><li class=\"cmsmasters_gallery_item\"><figure><a href=\"https:\/\/khao-sun.hr\/wp-content\/uploads\/2023\/10\/IMG_3322.jpg\" rel=\"ilightbox[c091607ac8]\"><img loading=\"lazy\" decoding=\"async\" width=\"860\" height=\"560\" src=\"https:\/\/khao-sun.hr\/wp-content\/uploads\/2023\/10\/IMG_3322-860x560.jpg\" class=\"attachment-post-thumbnail size-post-thumbnail\" alt=\"\" \/><\/a><\/figure><\/li><li class=\"cmsmasters_gallery_item\"><figure><a href=\"https:\/\/khao-sun.hr\/wp-content\/uploads\/2023\/10\/IMG_3321.jpg\" rel=\"ilightbox[c091607ac8]\"><img loading=\"lazy\" decoding=\"async\" width=\"860\" height=\"560\" src=\"https:\/\/khao-sun.hr\/wp-content\/uploads\/2023\/10\/IMG_3321-860x560.jpg\" class=\"attachment-post-thumbnail size-post-thumbnail\" alt=\"\" \/><\/a><\/figure><\/li><li class=\"cmsmasters_gallery_item\"><figure><a href=\"https:\/\/khao-sun.hr\/wp-content\/uploads\/2023\/10\/IMG_3369.jpg\" rel=\"ilightbox[c091607ac8]\"><img loading=\"lazy\" decoding=\"async\" width=\"860\" height=\"560\" src=\"https:\/\/khao-sun.hr\/wp-content\/uploads\/2023\/10\/IMG_3369-860x560.jpg\" class=\"attachment-post-thumbnail size-post-thumbnail\" alt=\"\" \/><\/a><\/figure><\/li><li class=\"cmsmasters_gallery_item\"><figure><a href=\"https:\/\/khao-sun.hr\/wp-content\/uploads\/2023\/10\/IMG_3376.jpg\" rel=\"ilightbox[c091607ac8]\"><img loading=\"lazy\" decoding=\"async\" width=\"860\" height=\"560\" src=\"https:\/\/khao-sun.hr\/wp-content\/uploads\/2023\/10\/IMG_3376-860x560.jpg\" class=\"attachment-post-thumbnail size-post-thumbnail\" alt=\"\" \/><\/a><\/figure><\/li><li class=\"cmsmasters_gallery_item\"><figure><a href=\"https:\/\/khao-sun.hr\/wp-content\/uploads\/2023\/10\/IMG_3373.jpg\" rel=\"ilightbox[c091607ac8]\"><img loading=\"lazy\" decoding=\"async\" width=\"860\" height=\"560\" src=\"https:\/\/khao-sun.hr\/wp-content\/uploads\/2023\/10\/IMG_3373-860x560.jpg\" class=\"attachment-post-thumbnail size-post-thumbnail\" alt=\"\" \/><\/a><\/figure><\/li><li class=\"cmsmasters_gallery_item\"><figure><a href=\"https:\/\/khao-sun.hr\/wp-content\/uploads\/2023\/10\/IMG_3387.jpg\" rel=\"ilightbox[c091607ac8]\"><img loading=\"lazy\" decoding=\"async\" width=\"860\" height=\"560\" src=\"https:\/\/khao-sun.hr\/wp-content\/uploads\/2023\/10\/IMG_3387-860x560.jpg\" class=\"attachment-post-thumbnail size-post-thumbnail\" alt=\"\" \/><\/a><\/figure><\/li><li class=\"cmsmasters_gallery_item\"><figure><a href=\"https:\/\/khao-sun.hr\/wp-content\/uploads\/2023\/10\/IMG_3506.jpg\" rel=\"ilightbox[c091607ac8]\"><img loading=\"lazy\" decoding=\"async\" width=\"860\" height=\"560\" src=\"https:\/\/khao-sun.hr\/wp-content\/uploads\/2023\/10\/IMG_3506-860x560.jpg\" class=\"attachment-post-thumbnail size-post-thumbnail\" alt=\"\" \/><\/a><\/figure><\/li><li class=\"cmsmasters_gallery_item\"><figure><a href=\"https:\/\/khao-sun.hr\/wp-content\/uploads\/2023\/10\/IMG_3566.jpg\" rel=\"ilightbox[c091607ac8]\"><img loading=\"lazy\" decoding=\"async\" width=\"860\" height=\"560\" src=\"https:\/\/khao-sun.hr\/wp-content\/uploads\/2023\/10\/IMG_3566-860x560.jpg\" class=\"attachment-post-thumbnail size-post-thumbnail\" alt=\"\" \/><\/a><\/figure><\/li><li class=\"cmsmasters_gallery_item\"><figure><a href=\"https:\/\/khao-sun.hr\/wp-content\/uploads\/2023\/10\/IMG_3360.jpg\" rel=\"ilightbox[c091607ac8]\"><img loading=\"lazy\" decoding=\"async\" width=\"860\" height=\"560\" src=\"https:\/\/khao-sun.hr\/wp-content\/uploads\/2023\/10\/IMG_3360-860x560.jpg\" class=\"attachment-post-thumbnail size-post-thumbnail\" alt=\"\" \/><\/a><\/figure><\/li><li class=\"cmsmasters_gallery_item\"><figure><a href=\"https:\/\/khao-sun.hr\/wp-content\/uploads\/2023\/10\/IMG_3432.jpg\" rel=\"ilightbox[c091607ac8]\"><img loading=\"lazy\" decoding=\"async\" width=\"860\" height=\"560\" src=\"https:\/\/khao-sun.hr\/wp-content\/uploads\/2023\/10\/IMG_3432-860x560.jpg\" class=\"attachment-post-thumbnail size-post-thumbnail\" alt=\"\" \/><\/a><\/figure><\/li><li class=\"cmsmasters_gallery_item\"><figure><a href=\"https:\/\/khao-sun.hr\/wp-content\/uploads\/2023\/10\/IMG_3412.jpg\" rel=\"ilightbox[c091607ac8]\"><img loading=\"lazy\" decoding=\"async\" width=\"860\" height=\"560\" src=\"https:\/\/khao-sun.hr\/wp-content\/uploads\/2023\/10\/IMG_3412-860x560.jpg\" class=\"attachment-post-thumbnail size-post-thumbnail\" alt=\"\" \/><\/a><\/figure><\/li><li class=\"cmsmasters_gallery_item\"><figure><a href=\"https:\/\/khao-sun.hr\/wp-content\/uploads\/2023\/10\/IMG_3540.jpg\" rel=\"ilightbox[c091607ac8]\"><img loading=\"lazy\" decoding=\"async\" width=\"860\" height=\"560\" src=\"https:\/\/khao-sun.hr\/wp-content\/uploads\/2023\/10\/IMG_3540-860x560.jpg\" class=\"attachment-post-thumbnail size-post-thumbnail\" alt=\"\" \/><\/a><\/figure><\/li><li class=\"cmsmasters_gallery_item\"><figure><a href=\"https:\/\/khao-sun.hr\/wp-content\/uploads\/2023\/10\/IMG_3504.jpg\" rel=\"ilightbox[c091607ac8]\"><img loading=\"lazy\" decoding=\"async\" width=\"860\" height=\"560\" src=\"https:\/\/khao-sun.hr\/wp-content\/uploads\/2023\/10\/IMG_3504-860x560.jpg\" class=\"attachment-post-thumbnail size-post-thumbnail\" alt=\"\" \/><\/a><\/figure><\/li><li class=\"cmsmasters_gallery_item\"><figure><a href=\"https:\/\/khao-sun.hr\/wp-content\/uploads\/2023\/10\/IMG_3475.jpg\" rel=\"ilightbox[c091607ac8]\"><img loading=\"lazy\" decoding=\"async\" width=\"860\" height=\"560\" src=\"https:\/\/khao-sun.hr\/wp-content\/uploads\/2023\/10\/IMG_3475-860x560.jpg\" class=\"attachment-post-thumbnail size-post-thumbnail\" alt=\"\" \/><\/a><\/figure><\/li><li class=\"cmsmasters_gallery_item\"><figure><a href=\"https:\/\/khao-sun.hr\/wp-content\/uploads\/2023\/10\/IMG_3608.jpg\" rel=\"ilightbox[c091607ac8]\"><img loading=\"lazy\" decoding=\"async\" width=\"860\" height=\"560\" src=\"https:\/\/khao-sun.hr\/wp-content\/uploads\/2023\/10\/IMG_3608-860x560.jpg\" class=\"attachment-post-thumbnail size-post-thumbnail\" alt=\"\" \/><\/a><\/figure><\/li><li class=\"cmsmasters_gallery_item\"><figure><a href=\"https:\/\/khao-sun.hr\/wp-content\/uploads\/2023\/10\/IMG_3691.jpg\" rel=\"ilightbox[c091607ac8]\"><img loading=\"lazy\" decoding=\"async\" width=\"860\" height=\"560\" src=\"https:\/\/khao-sun.hr\/wp-content\/uploads\/2023\/10\/IMG_3691-860x560.jpg\" class=\"attachment-post-thumbnail size-post-thumbnail\" alt=\"\" \/><\/a><\/figure><\/li><li class=\"cmsmasters_gallery_item\"><figure><a href=\"https:\/\/khao-sun.hr\/wp-content\/uploads\/2023\/10\/IMG_3669.jpg\" rel=\"ilightbox[c091607ac8]\"><img loading=\"lazy\" decoding=\"async\" width=\"860\" height=\"560\" src=\"https:\/\/khao-sun.hr\/wp-content\/uploads\/2023\/10\/IMG_3669-860x560.jpg\" class=\"attachment-post-thumbnail size-post-thumbnail\" alt=\"\" \/><\/a><\/figure><\/li><li class=\"cmsmasters_gallery_item\"><figure><a href=\"https:\/\/khao-sun.hr\/wp-content\/uploads\/2023\/10\/IMG_3753.jpg\" rel=\"ilightbox[c091607ac8]\"><img loading=\"lazy\" decoding=\"async\" width=\"860\" height=\"560\" src=\"https:\/\/khao-sun.hr\/wp-content\/uploads\/2023\/10\/IMG_3753-860x560.jpg\" class=\"attachment-post-thumbnail size-post-thumbnail\" alt=\"\" \/><\/a><\/figure><\/li><li class=\"cmsmasters_gallery_item\"><figure><a href=\"https:\/\/khao-sun.hr\/wp-content\/uploads\/2023\/10\/IMG_3839.jpg\" rel=\"ilightbox[c091607ac8]\"><img loading=\"lazy\" decoding=\"async\" width=\"860\" height=\"560\" src=\"https:\/\/khao-sun.hr\/wp-content\/uploads\/2023\/10\/IMG_3839-860x560.jpg\" class=\"attachment-post-thumbnail size-post-thumbnail\" alt=\"\" \/><\/a><\/figure><\/li><li class=\"cmsmasters_gallery_item\"><figure><a href=\"https:\/\/khao-sun.hr\/wp-content\/uploads\/2023\/10\/IMG_3834.jpg\" rel=\"ilightbox[c091607ac8]\"><img loading=\"lazy\" decoding=\"async\" width=\"860\" height=\"560\" src=\"https:\/\/khao-sun.hr\/wp-content\/uploads\/2023\/10\/IMG_3834-860x560.jpg\" class=\"attachment-post-thumbnail size-post-thumbnail\" alt=\"\" \/><\/a><\/figure><\/li><\/ul><\/div>\n<\/div><\/div>\n<\/div>\n<\/div>\n<\/div>\n<\/div>\n<\/div>\n\n","protected":false},"excerpt":{"rendered":"","protected":false},"author":1,"featured_media":0,"parent":0,"menu_order":0,"comment_status":"closed","ping_status":"open","template":"","meta":{"footnotes":""},"class_list":["post-14776","page","type-page","status-publish","hentry"],"yoast_head":"<!-- This site is optimized with the Yoast SEO plugin v27.3 - https:\/\/yoast.com\/product\/yoast-seo-wordpress\/ -->\n<title>Galerie - Khao Sun<\/title>\n<meta name=\"robots\" content=\"index, follow, max-snippet:-1, max-image-preview:large, max-video-preview:-1\" \/>\n<link rel=\"canonical\" href=\"https:\/\/khao-sun.hr\/hr\/gallery\/\" \/>\n<meta property=\"og:locale\" content=\"de_DE\" \/>\n<meta property=\"og:type\" content=\"article\" \/>\n<meta property=\"og:title\" content=\"Galerie - Khao Sun\" \/>\n<meta property=\"og:url\" content=\"https:\/\/khao-sun.hr\/hr\/gallery\/\" \/>\n<meta property=\"og:site_name\" content=\"Khao Sun\" \/>\n<meta property=\"article:modified_time\" content=\"2025-12-12T15:39:27+00:00\" \/>\n<meta name=\"twitter:card\" content=\"summary_large_image\" \/>\n<meta name=\"twitter:label1\" content=\"Gesch\u00e4tzte Lesezeit\" \/>\n\t<meta name=\"twitter:data1\" content=\"3\u00a0Minuten\" \/>\n<script type=\"application\/ld+json\" class=\"yoast-schema-graph\">{\"@context\":\"https:\\\/\\\/schema.org\",\"@graph\":[{\"@type\":\"WebPage\",\"@id\":\"https:\\\/\\\/khao-sun.hr\\\/hr\\\/gallery\\\/\",\"url\":\"https:\\\/\\\/khao-sun.hr\\\/hr\\\/gallery\\\/\",\"name\":\"Galerie - Khao Sun\",\"isPartOf\":{\"@id\":\"https:\\\/\\\/khao-sun.hr\\\/hr\\\/#website\"},\"datePublished\":\"2018-05-28T21:17:36+00:00\",\"dateModified\":\"2025-12-12T15:39:27+00:00\",\"breadcrumb\":{\"@id\":\"https:\\\/\\\/khao-sun.hr\\\/hr\\\/gallery\\\/#breadcrumb\"},\"inLanguage\":\"de\",\"potentialAction\":[{\"@type\":\"ReadAction\",\"target\":[\"https:\\\/\\\/khao-sun.hr\\\/hr\\\/gallery\\\/\"]}]},{\"@type\":\"BreadcrumbList\",\"@id\":\"https:\\\/\\\/khao-sun.hr\\\/hr\\\/gallery\\\/#breadcrumb\",\"itemListElement\":[{\"@type\":\"ListItem\",\"position\":1,\"name\":\"Home\",\"item\":\"https:\\\/\\\/khao-sun.hr\\\/de\\\/\"},{\"@type\":\"ListItem\",\"position\":2,\"name\":\"Galerie\"}]},{\"@type\":\"WebSite\",\"@id\":\"https:\\\/\\\/khao-sun.hr\\\/hr\\\/#website\",\"url\":\"https:\\\/\\\/khao-sun.hr\\\/hr\\\/\",\"name\":\"Khao Sun\",\"description\":\"Va\u0161 komadi\u0107 Tajlanda u centru Rijeke\",\"potentialAction\":[{\"@type\":\"SearchAction\",\"target\":{\"@type\":\"EntryPoint\",\"urlTemplate\":\"https:\\\/\\\/khao-sun.hr\\\/hr\\\/?s={search_term_string}\"},\"query-input\":{\"@type\":\"PropertyValueSpecification\",\"valueRequired\":true,\"valueName\":\"search_term_string\"}}],\"inLanguage\":\"de\"}]}<\/script>\n<!-- \/ Yoast SEO plugin. -->","yoast_head_json":{"title":"Galerie - Khao Sun","robots":{"index":"index","follow":"follow","max-snippet":"max-snippet:-1","max-image-preview":"max-image-preview:large","max-video-preview":"max-video-preview:-1"},"canonical":"https:\/\/khao-sun.hr\/hr\/gallery\/","og_locale":"de_DE","og_type":"article","og_title":"Galerie - Khao Sun","og_url":"https:\/\/khao-sun.hr\/hr\/gallery\/","og_site_name":"Khao Sun","article_modified_time":"2025-12-12T15:39:27+00:00","twitter_card":"summary_large_image","twitter_misc":{"Gesch\u00e4tzte Lesezeit":"3\u00a0Minuten"},"schema":{"@context":"https:\/\/schema.org","@graph":[{"@type":"WebPage","@id":"https:\/\/khao-sun.hr\/hr\/gallery\/","url":"https:\/\/khao-sun.hr\/hr\/gallery\/","name":"Galerie - Khao Sun","isPartOf":{"@id":"https:\/\/khao-sun.hr\/hr\/#website"},"datePublished":"2018-05-28T21:17:36+00:00","dateModified":"2025-12-12T15:39:27+00:00","breadcrumb":{"@id":"https:\/\/khao-sun.hr\/hr\/gallery\/#breadcrumb"},"inLanguage":"de","potentialAction":[{"@type":"ReadAction","target":["https:\/\/khao-sun.hr\/hr\/gallery\/"]}]},{"@type":"BreadcrumbList","@id":"https:\/\/khao-sun.hr\/hr\/gallery\/#breadcrumb","itemListElement":[{"@type":"ListItem","position":1,"name":"Home","item":"https:\/\/khao-sun.hr\/de\/"},{"@type":"ListItem","position":2,"name":"Galerie"}]},{"@type":"WebSite","@id":"https:\/\/khao-sun.hr\/hr\/#website","url":"https:\/\/khao-sun.hr\/hr\/","name":"Khao Sun","description":"Va\u0161 komadi\u0107 Tajlanda u centru Rijeke","potentialAction":[{"@type":"SearchAction","target":{"@type":"EntryPoint","urlTemplate":"https:\/\/khao-sun.hr\/hr\/?s={search_term_string}"},"query-input":{"@type":"PropertyValueSpecification","valueRequired":true,"valueName":"search_term_string"}}],"inLanguage":"de"}]}},"_links":{"self":[{"href":"https:\/\/khao-sun.hr\/de\/wp-json\/wp\/v2\/pages\/14776","targetHints":{"allow":["GET"]}}],"collection":[{"href":"https:\/\/khao-sun.hr\/de\/wp-json\/wp\/v2\/pages"}],"about":[{"href":"https:\/\/khao-sun.hr\/de\/wp-json\/wp\/v2\/types\/page"}],"author":[{"embeddable":true,"href":"https:\/\/khao-sun.hr\/de\/wp-json\/wp\/v2\/users\/1"}],"replies":[{"embeddable":true,"href":"https:\/\/khao-sun.hr\/de\/wp-json\/wp\/v2\/comments?post=14776"}],"version-history":[{"count":8,"href":"https:\/\/khao-sun.hr\/de\/wp-json\/wp\/v2\/pages\/14776\/revisions"}],"predecessor-version":[{"id":16819,"href":"https:\/\/khao-sun.hr\/de\/wp-json\/wp\/v2\/pages\/14776\/revisions\/16819"}],"wp:attachment":[{"href":"https:\/\/khao-sun.hr\/de\/wp-json\/wp\/v2\/media?parent=14776"}],"curies":[{"name":"wp","href":"https:\/\/api.w.org\/{rel}","templated":true}]}}